{"id":385,"date":"2021-11-13T12:38:02","date_gmt":"2021-11-13T12:38:02","guid":{"rendered":"https:\/\/allianceantitrafic.org\/vietnam\/?page_id=385"},"modified":"2021-11-16T05:42:01","modified_gmt":"2021-11-16T05:42:01","slug":"giup-do-chung-toi","status":"publish","type":"page","link":"https:\/\/allianceantitrafic.org\/vietnam\/giup-do-chung-toi\/","title":{"rendered":"Gi\u00fap \u0111\u1ee1 ch\u00fang t\u00f4i"},"content":{"rendered":"\t\t<div data-elementor-type=\"wp-page\" data-elementor-id=\"385\" class=\"elementor elementor-385\" data-elementor-post-type=\"page\">\n\t\t\t\t\t\t<section class=\"elementor-section elementor-top-section elementor-element elementor-element-644a933 elementor-section-full_width elementor-section-height-default elementor-section-height-default\" data-id=\"644a933\" data-element_type=\"section\" data-e-type=\"section\" data-settings=\"{&quot;background_background&quot;:&quot;classic&quot;}\">\n\t\t\t\t\t\t<div class=\"elementor-container elementor-column-gap-default\">\n\t\t\t\t\t<div class=\"elementor-column elementor-col-100 elementor-top-column elementor-element elementor-element-0506ecb\" data-id=\"0506ecb\" data-element_type=\"column\" data-e-type=\"column\">\n\t\t\t<div class=\"elementor-widget-wrap elementor-element-populated\">\n\t\t\t\t\t\t<div class=\"elementor-element elementor-element-51fea46 elementor-widget elementor-widget-heading\" data-id=\"51fea46\" data-element_type=\"widget\" data-e-type=\"widget\" data-widget_type=\"heading.default\">\n\t\t\t\t\t<h1 class=\"elementor-heading-title elementor-size-default\">LI\u00caN MINH PH\u00d2NG CH\u1ed0NG BU\u00d4N B\u00c1N NG\u01af\u1edcI <\/h1>\t\t\t\t<\/div>\n\t\t\t\t<section class=\"elementor-section elementor-inner-section elementor-element elementor-element-fd2a1d5 elementor-section-boxed elementor-section-height-default elementor-section-height-default\" data-id=\"fd2a1d5\" data-element_type=\"section\" data-e-type=\"section\">\n\t\t\t\t\t\t<div class=\"elementor-container elementor-column-gap-default\">\n\t\t\t\t\t<div class=\"elementor-column elementor-col-33 elementor-inner-column elementor-element elementor-element-66dfa19\" data-id=\"66dfa19\" data-element_type=\"column\" data-e-type=\"column\">\n\t\t\t<div class=\"elementor-widget-wrap elementor-element-populated\">\n\t\t\t\t\t\t<div class=\"elementor-element elementor-element-0067bd3 elementor-widget elementor-widget-image\" data-id=\"0067bd3\" data-element_type=\"widget\" data-e-type=\"widget\" data-widget_type=\"image.default\">\n\t\t\t\t\t\t\t\t\t\t\t\t\t\t\t<img decoding=\"async\" src=\"https:\/\/allianceantitrafic.org\/vietnam\/wp-content\/uploads\/sites\/3\/elementor\/thumbs\/AATIcon512-pfr5x7nfcrj9fkv29ejdx8g1nt2feh73h0lmtf0idc.png\" title=\"AATIcon512\" alt=\"AATIcon512\" loading=\"lazy\" \/>\t\t\t\t\t\t\t\t\t\t\t\t\t\t\t<\/div>\n\t\t\t\t\t<\/div>\n\t\t<\/div>\n\t\t\t\t<div class=\"elementor-column elementor-col-33 elementor-inner-column elementor-element elementor-element-ddcf657\" data-id=\"ddcf657\" data-element_type=\"column\" data-e-type=\"column\">\n\t\t\t<div class=\"elementor-widget-wrap elementor-element-populated\">\n\t\t\t\t\t\t<div class=\"elementor-element elementor-element-cae2342 elementor-widget elementor-widget-heading\" data-id=\"cae2342\" data-element_type=\"widget\" data-e-type=\"widget\" data-widget_type=\"heading.default\">\n\t\t\t\t\t<h3 class=\"elementor-heading-title elementor-size-default\">MINI SITE ti\u1ebfng vi\u1ec7t<\/h3>\t\t\t\t<\/div>\n\t\t\t\t\t<\/div>\n\t\t<\/div>\n\t\t\t\t<div class=\"elementor-column elementor-col-33 elementor-inner-column elementor-element elementor-element-a4edeb6\" data-id=\"a4edeb6\" data-element_type=\"column\" data-e-type=\"column\">\n\t\t\t<div class=\"elementor-widget-wrap elementor-element-populated\">\n\t\t\t\t\t\t<div class=\"elementor-element elementor-element-9b33ffe elementor-shape-rounded elementor-grid-0 e-grid-align-center elementor-widget elementor-widget-social-icons\" data-id=\"9b33ffe\" data-element_type=\"widget\" data-e-type=\"widget\" data-widget_type=\"social-icons.default\">\n\t\t\t\t\t\t\t<div class=\"elementor-social-icons-wrapper elementor-grid\" role=\"list\">\n\t\t\t\t\t\t\t<span class=\"elementor-grid-item\" role=\"listitem\">\n\t\t\t\t\t<a class=\"elementor-icon elementor-social-icon elementor-social-icon-facebook elementor-repeater-item-edad58c\" href=\"https:\/\/www.facebook.com\/aatvietnam\/\" target=\"_blank\">\n\t\t\t\t\t\t<span class=\"elementor-screen-only\">Facebook<\/span>\n\t\t\t\t\t\t<i aria-hidden=\"true\" class=\"fab fa-facebook\"><\/i>\t\t\t\t\t<\/a>\n\t\t\t\t<\/span>\n\t\t\t\t\t\t\t<span class=\"elementor-grid-item\" role=\"listitem\">\n\t\t\t\t\t<a class=\"elementor-icon elementor-social-icon elementor-social-icon-facebook elementor-repeater-item-f973957\" href=\"https:\/\/www.facebook.com\/GDGTVN\" target=\"_blank\">\n\t\t\t\t\t\t<span class=\"elementor-screen-only\">Facebook<\/span>\n\t\t\t\t\t\t<i aria-hidden=\"true\" class=\"fab fa-facebook\"><\/i>\t\t\t\t\t<\/a>\n\t\t\t\t<\/span>\n\t\t\t\t\t\t\t<span class=\"elementor-grid-item\" role=\"listitem\">\n\t\t\t\t\t<a class=\"elementor-icon elementor-social-icon elementor-social-icon-youtube elementor-repeater-item-1ac2df6\" href=\"https:\/\/www.youtube.com\/c\/AllianceAntiTraficVietnam\" target=\"_blank\">\n\t\t\t\t\t\t<span class=\"elementor-screen-only\">Youtube<\/span>\n\t\t\t\t\t\t<i aria-hidden=\"true\" class=\"fab fa-youtube\"><\/i>\t\t\t\t\t<\/a>\n\t\t\t\t<\/span>\n\t\t\t\t\t<\/div>\n\t\t\t\t\t\t<\/div>\n\t\t\t\t\t<\/div>\n\t\t<\/div>\n\t\t\t\t\t<\/div>\n\t\t<\/section>\n\t\t\t\t\t<\/div>\n\t\t<\/div>\n\t\t\t\t\t<\/div>\n\t\t<\/section>\n\t\t\t\t<section class=\"elementor-section elementor-top-section elementor-element elementor-element-47127cb elementor-section-boxed elementor-section-height-default elementor-section-height-default\" data-id=\"47127cb\" data-element_type=\"section\" data-e-type=\"section\" data-settings=\"{&quot;background_background&quot;:&quot;classic&quot;}\">\n\t\t\t\t\t\t<div class=\"elementor-container elementor-column-gap-default\">\n\t\t\t\t\t<div class=\"elementor-column elementor-col-100 elementor-top-column elementor-element elementor-element-afe5120\" data-id=\"afe5120\" data-element_type=\"column\" data-e-type=\"column\">\n\t\t\t<div class=\"elementor-widget-wrap elementor-element-populated\">\n\t\t\t\t\t\t<section class=\"elementor-section elementor-inner-section elementor-element elementor-element-36aa2db elementor-section-boxed elementor-section-height-default elementor-section-height-default\" data-id=\"36aa2db\" data-element_type=\"section\" data-e-type=\"section\">\n\t\t\t\t\t\t<div class=\"elementor-container elementor-column-gap-default\">\n\t\t\t\t\t<div class=\"elementor-column elementor-col-50 elementor-inner-column elementor-element elementor-element-37dc2f5\" data-id=\"37dc2f5\" data-element_type=\"column\" data-e-type=\"column\">\n\t\t\t<div class=\"elementor-widget-wrap elementor-element-populated\">\n\t\t\t\t\t\t<div class=\"elementor-element elementor-element-142e1ef elementor-widget elementor-widget-heading\" data-id=\"142e1ef\" data-element_type=\"widget\" data-e-type=\"widget\" data-widget_type=\"heading.default\">\n\t\t\t\t\t<h1 class=\"elementor-heading-title elementor-size-default\">Gi\u00fap \u0111\u1ee1 ch\u00fang t\u00f4i<\/h1>\t\t\t\t<\/div>\n\t\t\t\t\t<\/div>\n\t\t<\/div>\n\t\t\t\t<div class=\"elementor-column elementor-col-50 elementor-inner-column elementor-element elementor-element-bdc1b97\" data-id=\"bdc1b97\" data-element_type=\"column\" data-e-type=\"column\">\n\t\t\t<div class=\"elementor-widget-wrap\">\n\t\t\t\t\t\t\t<\/div>\n\t\t<\/div>\n\t\t\t\t\t<\/div>\n\t\t<\/section>\n\t\t\t\t<div class=\"elementor-element elementor-element-95dbc23 elementor-widget elementor-widget-heading\" data-id=\"95dbc23\" data-element_type=\"widget\" data-e-type=\"widget\" data-widget_type=\"heading.default\">\n\t\t\t\t\t<h2 class=\"elementor-heading-title elementor-size-default\">Gi\u00fap \u0111\u1ee1 ch\u00fang t\u00f4i<\/h2>\t\t\t\t<\/div>\n\t\t\t\t<div class=\"elementor-element elementor-element-62dd269 elementor-widget elementor-widget-text-editor\" data-id=\"62dd269\" data-element_type=\"widget\" data-e-type=\"widget\" data-widget_type=\"text-editor.default\">\n\t\t\t\t\t\t\t\t\t<p class=\"_04xlpA direction-ltr align-justify para-style-body\"><span class=\"JsGRdQ\">B\u1ea1n c\u00f3 th\u1ec3 \u0111\u00f3ng g\u00f3p cho Where Dreams Bloom theo nhi\u1ec1u c\u00e1ch. Ch\u00fang t\u00f4i tin r\u1eb1ng b\u1ea5t k\u00ec s\u1ef1 \u0111\u00f3ng g\u00f3p n\u00e0o \u0111\u1ec1u mang \u0111\u1ebfn c\u00e1c gi\u00e1 tr\u1ecb t\u00edch c\u1ef1c cho ch\u01b0\u01a1ng tr\u00ecnh.<\/span><\/p><p class=\"_04xlpA direction-ltr align-justify para-style-body\"><span class=\"JsGRdQ\">V\u00ed d\u1ee5, b\u1ea1n c\u00f3 th\u1ec3 cho m\u01b0\u1ee3n \u0111\u1ecba \u0111i\u1ec3m \u0111\u1ec3 t\u1ed5 ch\u1ee9c c\u00e1c ho\u1ea1t \u0111\u1ed9ng, nh\u01b0 s\u00e2n v\u01b0\u1eddn v\u00e0 b\u1ec3 b\u01a1i; hay chia s\u1ebb v\u1edbi c\u00e1c em m\u1ed9t k\u1ef9 n\u0103ng n\u00e0o \u0111\u00f3 ho\u1eb7c ki\u1ebfn th\u1ee9c li\u00ean quan \u0111\u1ebfn ngh\u1ec1 nghi\u1ec7p c\u1ee7a b\u1ea1n, hay t\u1ea1o \u0111i\u1ec1u ki\u1ec7n \u0111\u1ec3 c\u00e1c em c\u00f3 th\u1ec3 tham quan doanh nghi\u1ec7p m\u00e0 b\u1ea1n \u0111ang l\u00e0m.<\/span><\/p>\t\t\t\t\t\t\t\t<\/div>\n\t\t\t\t<section class=\"elementor-section elementor-inner-section elementor-element elementor-element-3281e12 elementor-section-boxed elementor-section-height-default elementor-section-height-default\" data-id=\"3281e12\" data-element_type=\"section\" data-e-type=\"section\">\n\t\t\t\t\t\t<div class=\"elementor-container elementor-column-gap-default\">\n\t\t\t\t\t<div class=\"elementor-column elementor-col-50 elementor-inner-column elementor-element elementor-element-eb230d4\" data-id=\"eb230d4\" data-element_type=\"column\" data-e-type=\"column\">\n\t\t\t<div class=\"elementor-widget-wrap elementor-element-populated\">\n\t\t\t\t\t\t<div class=\"elementor-element elementor-element-721134b elementor-widget elementor-widget-heading\" data-id=\"721134b\" data-element_type=\"widget\" data-e-type=\"widget\" data-widget_type=\"heading.default\">\n\t\t\t\t\t<h2 class=\"elementor-heading-title elementor-size-default\"> Qu\u00e9t \u0111\u1ec3 quy\u00ean g\u00f3p:\n<\/h2>\t\t\t\t<\/div>\n\t\t\t\t\t<\/div>\n\t\t<\/div>\n\t\t\t\t<div class=\"elementor-column elementor-col-50 elementor-inner-column elementor-element elementor-element-c55cde3\" data-id=\"c55cde3\" data-element_type=\"column\" data-e-type=\"column\">\n\t\t\t<div class=\"elementor-widget-wrap elementor-element-populated\">\n\t\t\t\t\t\t<div class=\"elementor-element elementor-element-36eef70 elementor-widget elementor-widget-image\" data-id=\"36eef70\" data-element_type=\"widget\" data-e-type=\"widget\" data-widget_type=\"image.default\">\n\t\t\t\t\t\t\t\t\t\t\t\t\t\t\t<img decoding=\"async\" width=\"150\" height=\"150\" src=\"https:\/\/allianceantitrafic.org\/vietnam\/wp-content\/uploads\/sites\/3\/2021\/11\/code-globalgiving-all-projects-1-150x150.png\" class=\"attachment-thumbnail size-thumbnail wp-image-301\" alt=\"\" srcset=\"https:\/\/allianceantitrafic.org\/vietnam\/wp-content\/uploads\/sites\/3\/2021\/11\/code-globalgiving-all-projects-1-150x150.png 150w, https:\/\/allianceantitrafic.org\/vietnam\/wp-content\/uploads\/sites\/3\/2021\/11\/code-globalgiving-all-projects-1-300x300.png 300w, https:\/\/allianceantitrafic.org\/vietnam\/wp-content\/uploads\/sites\/3\/2021\/11\/code-globalgiving-all-projects-1.png 380w\" sizes=\"(max-width: 150px) 100vw, 150px\" \/>\t\t\t\t\t\t\t\t\t\t\t\t\t\t\t<\/div>\n\t\t\t\t\t<\/div>\n\t\t<\/div>\n\t\t\t\t\t<\/div>\n\t\t<\/section>\n\t\t\t\t\t<\/div>\n\t\t<\/div>\n\t\t\t\t\t<\/div>\n\t\t<\/section>\n\t\t\t\t<section class=\"elementor-section elementor-top-section elementor-element elementor-element-59572f5 elementor-section-boxed elementor-section-height-default elementor-section-height-default\" data-id=\"59572f5\" data-element_type=\"section\" data-e-type=\"section\" data-settings=\"{&quot;background_background&quot;:&quot;classic&quot;}\">\n\t\t\t\t\t\t<div class=\"elementor-container elementor-column-gap-default\">\n\t\t\t\t\t<div class=\"elementor-column elementor-col-100 elementor-top-column elementor-element elementor-element-46054ef\" data-id=\"46054ef\" data-element_type=\"column\" data-e-type=\"column\">\n\t\t\t<div class=\"elementor-widget-wrap elementor-element-populated\">\n\t\t\t\t\t\t<div class=\"elementor-element elementor-element-580daa8 elementor-widget elementor-widget-heading\" data-id=\"580daa8\" data-element_type=\"widget\" data-e-type=\"widget\" data-widget_type=\"heading.default\">\n\t\t\t\t\t<h2 class=\"elementor-heading-title elementor-size-default\">Mua h\u00e0ng \u0111\u1ec3 gi\u00fap ch\u00fang t\u00f4i<\/h2>\t\t\t\t<\/div>\n\t\t\t\t<div class=\"elementor-element elementor-element-c79819b elementor-widget elementor-widget-text-editor\" data-id=\"c79819b\" data-element_type=\"widget\" data-e-type=\"widget\" data-widget_type=\"text-editor.default\">\n\t\t\t\t\t\t\t\t\t<p><span class=\"JsGRdQ\">B\u1ea1n c\u00f3 th\u1ec3 h\u1ed7 tr\u1ee3 b\u1eb1ng c\u00e1ch mua c\u00e1c t\u00fai v\u1ea3i v\u00e0 \u00e1o thun c\u1ee7a ch\u00fang t\u00f4i. T\u00fai c\u00f3 ch\u1ea5t l\u01b0\u1ee3ng cao \u0111\u01b0\u1ee3c s\u1ea3n xu\u1ea5t b\u1edfi m\u1ed9t m\u1ed9t doanh nghi\u1ec7p x\u00e3 h\u1ed9i \u0111\u1ecba ph\u01b0\u01a1ng c\u00f3 kinh nghi\u1ec7m s\u1ea3n xu\u1ea5t cho c\u00e1c th\u01b0\u01a1ng hi\u1ec7u l\u1edbn c\u1ee7a Ph\u00e1p.<\/span><\/p>\t\t\t\t\t\t\t\t<\/div>\n\t\t\t\t\t<\/div>\n\t\t<\/div>\n\t\t\t\t\t<\/div>\n\t\t<\/section>\n\t\t\t\t<\/div>\n\t\t","protected":false},"excerpt":{"rendered":"<p>LI\u00caN MINH PH\u00d2NG CH\u1ed0NG BU\u00d4N B\u00c1N NG\u01af\u1edcI MINI SITE ti\u1ebfng vi\u1ec7t Facebook Facebook Youtube Gi\u00fap \u0111\u1ee1 ch\u00fang t\u00f4i Gi\u00fap \u0111\u1ee1 ch\u00fang t\u00f4i B\u1ea1n c\u00f3 th\u1ec3 \u0111\u00f3ng g\u00f3p cho Where Dreams Bloom theo nhi\u1ec1u c\u00e1ch. Ch\u00fang t\u00f4i tin r\u1eb1ng b\u1ea5t k\u00ec s\u1ef1 \u0111\u00f3ng g\u00f3p n\u00e0o \u0111\u1ec1u mang \u0111\u1ebfn c\u00e1c gi\u00e1 tr\u1ecb t\u00edch c\u1ef1c cho ch\u01b0\u01a1ng tr\u00ecnh.&hellip;&nbsp;<a href=\"https:\/\/allianceantitrafic.org\/vietnam\/giup-do-chung-toi\/\" rel=\"bookmark\">Read More &raquo;<span class=\"screen-reader-text\">Gi\u00fap \u0111\u1ee1 ch\u00fang t\u00f4i<\/span><\/a><\/p>\n","protected":false},"author":1,"featured_media":0,"parent":0,"menu_order":0,"comment_status":"closed","ping_status":"closed","template":"page-templates\/template-pagebuilder-full-width.php","meta":{"neve_meta_sidebar":"","neve_meta_container":"","neve_meta_enable_content_width":"","neve_meta_content_width":0,"neve_meta_title_alignment":"","neve_meta_author_avatar":"","neve_post_elements_order":"","neve_meta_disable_header":"","neve_meta_disable_footer":"","neve_meta_disable_title":"","footnotes":""},"class_list":["post-385","page","type-page","status-publish","hentry"],"aioseo_notices":[],"_links":{"self":[{"href":"https:\/\/allianceantitrafic.org\/vietnam\/wp-json\/wp\/v2\/pages\/385","targetHints":{"allow":["GET"]}}],"collection":[{"href":"https:\/\/allianceantitrafic.org\/vietnam\/wp-json\/wp\/v2\/pages"}],"about":[{"href":"https:\/\/allianceantitrafic.org\/vietnam\/wp-json\/wp\/v2\/types\/page"}],"author":[{"embeddable":true,"href":"https:\/\/allianceantitrafic.org\/vietnam\/wp-json\/wp\/v2\/users\/1"}],"replies":[{"embeddable":true,"href":"https:\/\/allianceantitrafic.org\/vietnam\/wp-json\/wp\/v2\/comments?post=385"}],"version-history":[{"count":41,"href":"https:\/\/allianceantitrafic.org\/vietnam\/wp-json\/wp\/v2\/pages\/385\/revisions"}],"predecessor-version":[{"id":900,"href":"https:\/\/allianceantitrafic.org\/vietnam\/wp-json\/wp\/v2\/pages\/385\/revisions\/900"}],"wp:attachment":[{"href":"https:\/\/allianceantitrafic.org\/vietnam\/wp-json\/wp\/v2\/media?parent=385"}],"curies":[{"name":"wp","href":"https:\/\/api.w.org\/{rel}","templated":true}]}}