{"id":375,"date":"2021-11-13T12:27:48","date_gmt":"2021-11-13T12:27:48","guid":{"rendered":"https:\/\/allianceantitrafic.org\/vietnam\/?page_id=375"},"modified":"2023-11-01T02:13:01","modified_gmt":"2023-11-01T02:13:01","slug":"lich-su-aat-vn","status":"publish","type":"page","link":"https:\/\/allianceantitrafic.org\/vietnam\/lich-su-aat-vn\/","title":{"rendered":"L\u1ecbch S\u1eed c\u1ee7a AAT Vi\u1ec7tnam"},"content":{"rendered":"\t\t<div data-elementor-type=\"wp-page\" data-elementor-id=\"375\" class=\"elementor elementor-375\" data-elementor-post-type=\"page\">\n\t\t\t\t\t\t<section class=\"elementor-section elementor-top-section elementor-element elementor-element-be4f875 elementor-section-full_width elementor-section-height-default elementor-section-height-default\" data-id=\"be4f875\" data-element_type=\"section\" data-e-type=\"section\" data-settings=\"{&quot;background_background&quot;:&quot;classic&quot;}\">\n\t\t\t\t\t\t<div class=\"elementor-container elementor-column-gap-default\">\n\t\t\t\t\t<div class=\"elementor-column elementor-col-100 elementor-top-column elementor-element elementor-element-eb2fde6\" data-id=\"eb2fde6\" data-element_type=\"column\" data-e-type=\"column\">\n\t\t\t<div class=\"elementor-widget-wrap elementor-element-populated\">\n\t\t\t\t\t\t<div class=\"elementor-element elementor-element-35dd0ac elementor-widget elementor-widget-heading\" data-id=\"35dd0ac\" data-element_type=\"widget\" data-e-type=\"widget\" data-widget_type=\"heading.default\">\n\t\t\t\t\t<h1 class=\"elementor-heading-title elementor-size-default\">LI\u00caN MINH PH\u00d2NG CH\u1ed0NG BU\u00d4N B\u00c1N NG\u01af\u1edcI <\/h1>\t\t\t\t<\/div>\n\t\t\t\t<section class=\"elementor-section elementor-inner-section elementor-element elementor-element-4b60912 elementor-section-boxed elementor-section-height-default elementor-section-height-default\" data-id=\"4b60912\" data-element_type=\"section\" data-e-type=\"section\">\n\t\t\t\t\t\t<div class=\"elementor-container elementor-column-gap-default\">\n\t\t\t\t\t<div class=\"elementor-column elementor-col-33 elementor-inner-column elementor-element elementor-element-37020c9\" data-id=\"37020c9\" data-element_type=\"column\" data-e-type=\"column\">\n\t\t\t<div class=\"elementor-widget-wrap elementor-element-populated\">\n\t\t\t\t\t\t<div class=\"elementor-element elementor-element-8f9581e elementor-widget elementor-widget-image\" data-id=\"8f9581e\" data-element_type=\"widget\" data-e-type=\"widget\" data-widget_type=\"image.default\">\n\t\t\t\t\t\t\t\t\t\t\t\t\t\t\t<img decoding=\"async\" src=\"https:\/\/allianceantitrafic.org\/vietnam\/wp-content\/uploads\/sites\/3\/elementor\/thumbs\/AATIcon512-pfr5x7nfcrj9fkv29ejdx8g1nt2feh73h0lmtf0idc.png\" title=\"AATIcon512\" alt=\"AATIcon512\" loading=\"lazy\" \/>\t\t\t\t\t\t\t\t\t\t\t\t\t\t\t<\/div>\n\t\t\t\t\t<\/div>\n\t\t<\/div>\n\t\t\t\t<div class=\"elementor-column elementor-col-33 elementor-inner-column elementor-element elementor-element-903fec5\" data-id=\"903fec5\" data-element_type=\"column\" data-e-type=\"column\">\n\t\t\t<div class=\"elementor-widget-wrap elementor-element-populated\">\n\t\t\t\t\t\t<div class=\"elementor-element elementor-element-9e17910 elementor-widget elementor-widget-heading\" data-id=\"9e17910\" data-element_type=\"widget\" data-e-type=\"widget\" data-widget_type=\"heading.default\">\n\t\t\t\t\t<h3 class=\"elementor-heading-title elementor-size-default\">MINI SITE ti\u1ebfng vi\u1ec7t<\/h3>\t\t\t\t<\/div>\n\t\t\t\t\t<\/div>\n\t\t<\/div>\n\t\t\t\t<div class=\"elementor-column elementor-col-33 elementor-inner-column elementor-element elementor-element-18249e2\" data-id=\"18249e2\" data-element_type=\"column\" data-e-type=\"column\">\n\t\t\t<div class=\"elementor-widget-wrap elementor-element-populated\">\n\t\t\t\t\t\t<div class=\"elementor-element elementor-element-e18e84c elementor-shape-rounded elementor-grid-0 e-grid-align-center elementor-widget elementor-widget-social-icons\" data-id=\"e18e84c\" data-element_type=\"widget\" data-e-type=\"widget\" data-widget_type=\"social-icons.default\">\n\t\t\t\t\t\t\t<div class=\"elementor-social-icons-wrapper elementor-grid\" role=\"list\">\n\t\t\t\t\t\t\t<span class=\"elementor-grid-item\" role=\"listitem\">\n\t\t\t\t\t<a class=\"elementor-icon elementor-social-icon elementor-social-icon-facebook elementor-repeater-item-edad58c\" href=\"https:\/\/www.facebook.com\/aatvietnam\/\" target=\"_blank\">\n\t\t\t\t\t\t<span class=\"elementor-screen-only\">Facebook<\/span>\n\t\t\t\t\t\t<i aria-hidden=\"true\" class=\"fab fa-facebook\"><\/i>\t\t\t\t\t<\/a>\n\t\t\t\t<\/span>\n\t\t\t\t\t\t\t<span class=\"elementor-grid-item\" role=\"listitem\">\n\t\t\t\t\t<a class=\"elementor-icon elementor-social-icon elementor-social-icon-facebook elementor-repeater-item-f973957\" href=\"https:\/\/www.facebook.com\/GDGTVN\" target=\"_blank\">\n\t\t\t\t\t\t<span class=\"elementor-screen-only\">Facebook<\/span>\n\t\t\t\t\t\t<i aria-hidden=\"true\" class=\"fab fa-facebook\"><\/i>\t\t\t\t\t<\/a>\n\t\t\t\t<\/span>\n\t\t\t\t\t\t\t<span class=\"elementor-grid-item\" role=\"listitem\">\n\t\t\t\t\t<a class=\"elementor-icon elementor-social-icon elementor-social-icon-youtube elementor-repeater-item-1ac2df6\" href=\"https:\/\/www.youtube.com\/c\/AllianceAntiTraficVietnam\" target=\"_blank\">\n\t\t\t\t\t\t<span class=\"elementor-screen-only\">Youtube<\/span>\n\t\t\t\t\t\t<i aria-hidden=\"true\" class=\"fab fa-youtube\"><\/i>\t\t\t\t\t<\/a>\n\t\t\t\t<\/span>\n\t\t\t\t\t<\/div>\n\t\t\t\t\t\t<\/div>\n\t\t\t\t\t<\/div>\n\t\t<\/div>\n\t\t\t\t\t<\/div>\n\t\t<\/section>\n\t\t\t\t\t<\/div>\n\t\t<\/div>\n\t\t\t\t\t<\/div>\n\t\t<\/section>\n\t\t\t\t<section class=\"elementor-section elementor-top-section elementor-element elementor-element-1df82e3 elementor-section-boxed elementor-section-height-default elementor-section-height-default\" data-id=\"1df82e3\" data-element_type=\"section\" data-e-type=\"section\" data-settings=\"{&quot;background_background&quot;:&quot;classic&quot;}\">\n\t\t\t\t\t\t<div class=\"elementor-container elementor-column-gap-default\">\n\t\t\t\t\t<div class=\"elementor-column elementor-col-100 elementor-top-column elementor-element elementor-element-b33b455\" data-id=\"b33b455\" data-element_type=\"column\" data-e-type=\"column\">\n\t\t\t<div class=\"elementor-widget-wrap elementor-element-populated\">\n\t\t\t\t\t\t<section class=\"elementor-section elementor-inner-section elementor-element elementor-element-76742fb elementor-section-boxed elementor-section-height-default elementor-section-height-default\" data-id=\"76742fb\" data-element_type=\"section\" data-e-type=\"section\">\n\t\t\t\t\t\t<div class=\"elementor-container elementor-column-gap-default\">\n\t\t\t\t\t<div class=\"elementor-column elementor-col-50 elementor-inner-column elementor-element elementor-element-38a901f\" data-id=\"38a901f\" data-element_type=\"column\" data-e-type=\"column\">\n\t\t\t<div class=\"elementor-widget-wrap elementor-element-populated\">\n\t\t\t\t\t\t<div class=\"elementor-element elementor-element-5178a5f elementor-widget elementor-widget-heading\" data-id=\"5178a5f\" data-element_type=\"widget\" data-e-type=\"widget\" data-widget_type=\"heading.default\">\n\t\t\t\t\t<h1 class=\"elementor-heading-title elementor-size-default\">L\u1ecbch S\u1eed c\u1ee7a AAT Vi\u1ec7tnam<\/h1>\t\t\t\t<\/div>\n\t\t\t\t\t<\/div>\n\t\t<\/div>\n\t\t\t\t<div class=\"elementor-column elementor-col-50 elementor-inner-column elementor-element elementor-element-9d49f9a\" data-id=\"9d49f9a\" data-element_type=\"column\" data-e-type=\"column\">\n\t\t\t<div class=\"elementor-widget-wrap\">\n\t\t\t\t\t\t\t<\/div>\n\t\t<\/div>\n\t\t\t\t\t<\/div>\n\t\t<\/section>\n\t\t\t\t<div class=\"elementor-element elementor-element-afde966 elementor-widget elementor-widget-heading\" data-id=\"afde966\" data-element_type=\"widget\" data-e-type=\"widget\" data-widget_type=\"heading.default\">\n\t\t\t\t\t<h2 class=\"elementor-heading-title elementor-size-default\">Li\u00ean Minh Ph\u00f2ng ch\u1ed1ng bu\u00f4n b\u00e1n Ng\u01b0\u1eddi l\u00e0 t\u1ed5 ch\u1ee9c phi ch\u00ednh ph\u1ee7 ti\u00ean phong th\u1ef1c hi\u1ec7n b\u01b0\u1edbc ph\u00e1t tri\u1ec3n \u0111\u1ea7u ti\u00ean v\u1ec1 ch\u1ed1ng bu\u00f4n ng\u01b0\u1eddi v\u00e0 b\u00f3c l\u1ed9t t\u00ecnh d\u1ee5c.<\/h2>\t\t\t\t<\/div>\n\t\t\t\t<div class=\"elementor-element elementor-element-93de8e6 elementor-widget elementor-widget-heading\" data-id=\"93de8e6\" data-element_type=\"widget\" data-e-type=\"widget\" data-widget_type=\"heading.default\">\n\t\t\t\t\t<h2 class=\"elementor-heading-title elementor-size-default\">Qu\u00e1 tr\u00ecnh ph\u00e1t tri\u1ec3n c\u1ee7a AAT Vi\u1ec7t Nam:\n<\/h2>\t\t\t\t<\/div>\n\t\t\t\t<div class=\"elementor-element elementor-element-0c4b5c0 elementor-widget elementor-widget-text-editor\" data-id=\"0c4b5c0\" data-element_type=\"widget\" data-e-type=\"widget\" data-widget_type=\"text-editor.default\">\n\t\t\t\t\t\t\t\t\t<ul><li><span class=\"JsGRdQ\">2001<\/span> <span class=\"JsGRdQ\">: <\/span><span class=\"JsGRdQ\">NGO ch\u1ed1ng bu\u00f4n ng\u01b0\u1eddi \u0111\u1ea7u ti\u00ean, \u0111\u1ed3ng th\u1eddi l\u00e0 t\u1ed5 ch\u1ee9c tr\u01b0\u1edbc nh\u1ea5t t\u1ea1i Vi\u1ec7t Nam th\u00e0nh c\u00f4ng thi\u1ebft l\u1eadp m\u1ed9t c\u01a1 c\u1ea5u ho\u00e0n ch\u1ec9nh \u0111\u1ec3 h\u1ed7 tr\u1ee3 n\u1ea1n nh\u00e2n b\u1ecb bu\u00f4n b\u00e1n.<\/span><\/li><li><span class=\"JsGRdQ\">2003 :<\/span><span class=\"JsGRdQ\"> Ch\u00ednh ph\u1ee7 Vi\u1ec7t Nam ch\u00ednh th\u1ee9c c\u00f4ng nh\u1eadn s\u1ef1 t\u1ed3n t\u1ea1i c\u1ee7a v\u1ea5n n\u1ea1n bu\u00f4n ng\u01b0\u1eddi, \u0111\u1ed3ng th\u1eddi x\u00e1c nh\u1eadn t\u01b0 c\u00e1ch n\u1ea1n nh\u00e2n c\u1ee7a ng\u01b0\u1eddi b\u1ecb mua b\u00e1n thay v\u00ec xem h\u1ecd l\u00e0 t\u1ed9i ph\u1ea1m. Th\u00e0nh l\u1eadp m\u1ea1ng l\u01b0\u1edbi ph\u00f2ng ch\u1ed1ng bu\u00f4n ng\u01b0\u1eddi \u0111\u1ea7u ti\u00ean \u1edf khu v\u1ef1c \u0110\u00f4ng Nam \u00c1.<\/span><\/li><li><span class=\"JsGRdQ\">2004 : <\/span><span class=\"JsGRdQ\">Ra \u0111\u1eddi c\u00e1c m\u00f4 h\u00ecnh \u0111\u1ea7u ti\u00ean gi\u00fap gi\u1ea3i c\u1ee9u v\u00e0 h\u1ed3i h\u01b0\u01a1ng ch\u00ednh th\u1ee9c n\u1ea1n nh\u00e2n b\u1ecb bu\u00f4n b\u00e1n \u1edf Malaysia, Th\u00e1i Lan, Singapore v\u00e0 L\u00e0o. Trong giai \u0111o\u1ea1n 2001-2020, 8.372 n\u1ea1n nh\u00e2n t\u1eeb h\u01a1n 17 qu\u1ed1c gia kh\u00e1c nhau \u0111\u00e3 \u0111\u01b0\u1ee3c h\u1ed7 tr\u1ee3.<\/span><\/li><li><span class=\"JsGRdQ\">2006 :<\/span><span class=\"JsGRdQ\"> D\u1ef1 \u00e1n c\u1ee7a AAT \u0111\u00e3 th\u00e0nh c\u00f4ng \u0111\u00e1p \u1ee9ng \u0111i\u1ec1u ki\u1ec7n c\u1ee7a ASEAN trong vi\u1ec7c th\u00fac \u0111\u1ea9y v\u00e0 t\u1ea1o \u0111i\u1ec1u ki\u1ec7n \u0111\u1ec3 Vi\u1ec7t Nam gia nh\u1eadp WTO v\u00e0 APEC.<\/span><\/li><li><span class=\"JsGRdQ\">2007 : <\/span><span class=\"JsGRdQ\">Tri\u1ec3n khai th\u00ed \u0111i\u1ec3m D\u1ef1 \u00e1n gi\u00e1o d\u1ee5c ph\u00f2ng ng\u1eeba cho c\u00e1c tr\u01b0\u1eddng h\u1ecdc v\u00e0 \u0111\u1ed3ng b\u00e0o d\u00e2n t\u1ed9c thi\u1ec3u s\u1ed1, v\u1edbi h\u01a1n 120.000 ng\u01b0\u1eddi h\u01b0\u1edfng l\u1ee3i \u0111\u1ebfn th\u1eddi \u0111\u1ec3m hi\u1ec7n t\u1ea1i.<\/span><\/li><li><span class=\"JsGRdQ\">2008 :<\/span><span class=\"JsGRdQ\"> D\u1ef1 \u00e1n \u0111\u00e3 \u0111\u01b0\u1ee3c B\u1ed9 tr\u01b0\u1edfng B\u1ed9 Lao \u0111\u1ed9ng &#8211; Th\u01b0\u01a1ng binh &#8211; X\u00e3 h\u1ed9i c\u00f4ng nh\u1eadn l\u00e0 \u201cm\u00f4 h\u00ecnh qu\u1ed1c gia\u201d.<\/span><\/li><li><span class=\"JsGRdQ\">2011 : <\/span><span class=\"JsGRdQ\">H\u1ee3p t\u00e1c v\u1edbi ch\u00ednh ph\u1ee7 Anh tri\u1ec3n khai th\u00ed \u0111i\u1ec3m D\u1ef1 \u00e1n \u0111\u1ea7u ti\u00ean h\u1ed7 tr\u1ee3 h\u01a1n 400 n\u1ea1n nh\u00e2n b\u1ecb bu\u00f4n b\u00e1n sang Anh h\u1ed3i h\u01b0\u01a1ng v\u00e0 t\u00e1i h\u00f2a nh\u1eadp. Xu\u1ea5t b\u1ea3n c\u00f4ng tr\u00ecnh nghi\u00ean c\u1ee9u \u0111\u1ea7u ti\u00ean v\u1ec1 t\u00ecnh tr\u1ea1ng bu\u00f4n ng\u01b0\u1eddi Vi\u1ec7t Nam \u1edf Anh n\u0103m 2013.<\/span><\/li><li><span class=\"JsGRdQ\">2012-2015 :<\/span><span class=\"JsGRdQ\"> C\u00f4ng vi\u1ec7c c\u1ee7a AAT t\u1ea1o ti\u1ec1n \u0111\u1ec1 cho s\u1ef1 ra \u0111\u1eddi l\u1ea7n \u0111\u1ea7u ti\u00ean c\u1ee7a lu\u1eadt tr\u1ea5n \u00e1p n\u1ea1n bu\u00f4n ng\u01b0\u1eddi. T\u1ea1i Th\u00e1i Lan, ch\u00fang t\u00f4i c\u0169ng th\u00fac \u0111\u1ea9y th\u00f4ng qua ba lu\u1eadt kh\u00e1c c\u00f3 t\u00ednh ch\u1ea5t t\u01b0\u01a1ng t\u1ef1.<\/span><\/li><\/ul>\t\t\t\t\t\t\t\t<\/div>\n\t\t\t\t\t<\/div>\n\t\t<\/div>\n\t\t\t\t\t<\/div>\n\t\t<\/section>\n\t\t\t\t<section class=\"elementor-section elementor-top-section elementor-element elementor-element-fd58418 elementor-section-boxed elementor-section-height-default elementor-section-height-default\" data-id=\"fd58418\" data-element_type=\"section\" data-e-type=\"section\" data-settings=\"{&quot;background_background&quot;:&quot;classic&quot;}\">\n\t\t\t\t\t\t<div class=\"elementor-container elementor-column-gap-default\">\n\t\t\t\t\t<div class=\"elementor-column elementor-col-100 elementor-top-column elementor-element elementor-element-4689aef\" data-id=\"4689aef\" data-element_type=\"column\" data-e-type=\"column\">\n\t\t\t<div class=\"elementor-widget-wrap elementor-element-populated\">\n\t\t\t\t\t\t<div class=\"elementor-element elementor-element-c407f0e elementor-widget elementor-widget-heading\" data-id=\"c407f0e\" data-element_type=\"widget\" data-e-type=\"widget\" data-widget_type=\"heading.default\">\n\t\t\t\t\t<h1 class=\"elementor-heading-title elementor-size-default\">C\u00e1c K\u1ebft qu\u1ea3: 2001 - 2020<\/h1>\t\t\t\t<\/div>\n\t\t\t\t<div class=\"elementor-element elementor-element-66da73b elementor-widget elementor-widget-text-editor\" data-id=\"66da73b\" data-element_type=\"widget\" data-e-type=\"widget\" data-widget_type=\"text-editor.default\">\n\t\t\t\t\t\t\t\t\t<ul><li><h2><span class=\"JsGRdQ\"><span style=\"color: #ff6600;\">8.372<\/span> N\u1ea1n nh\u00e2n \u0111\u01b0\u1ee3c h\u1ed7 tr\u1ee3<\/span><\/h2><\/li><li><h2><span style=\"color: #ff6600;\">68.167<\/span> <span class=\"JsGRdQ\">Ph\u1ee5 n\u1eef v\u00e0 tr\u1ebb v\u1ecb th\u00e0nh ni\u00ean h\u00e0nh ngh\u1ec1 m\u1ea1i d\u00e2m \u0111\u01b0\u1ee3c h\u1ed7 tr\u1ee3<\/span><\/h2><\/li><li><h2><span style=\"color: #ff6600;\">121.319<\/span> <span class=\"JsGRdQ\">Tr\u1ebb em v\u00e0 ng\u01b0\u1eddi l\u1edbn <\/span><span class=\"JsGRdQ\">\u0111\u01b0\u1ee3c t\u1eadp hu\u1ea5n <\/span><span class=\"JsGRdQ\">ph\u00f2ng ng\u1eeba<\/span><\/h2><\/li><li><h2><span style=\"color: #ff6600;\">1.473<\/span>\u00a0<span class=\"JsGRdQ\">C\u00e1n b\u1ed9 \u0111\u01b0\u1ee3c <\/span><span class=\"JsGRdQ\">t\u1eadp hu\u1ea5n<\/span><\/h2><\/li><li><h2><span class=\"JsGRdQ\"><span style=\"color: #ff6600;\">16.243<\/span> T\u01b0 v\u1ea5n \u0111\u01b0\u1ee3c cung c\u1ea5p<\/span><\/h2><\/li><li><h2><span class=\"JsGRdQ\"><span style=\"color: #ff6600;\">963<\/span> Tr\u1ebb em g\u00e1i nh\u1eadn h\u1ecdc b\u1ed5ng<\/span><\/h2><\/li><li><h2><span class=\"JsGRdQ\"><span style=\"color: #ff6600;\">38<\/span> Tr\u1ebb em g\u00e1i \u0111\u01b0\u1ee3c b\u1ea3o v\u1ec7 \u0111\u1eb7c bi\u1ec7t<\/span><\/h2><\/li><\/ul>\t\t\t\t\t\t\t\t<\/div>\n\t\t\t\t<div class=\"elementor-element elementor-element-728120d elementor-widget elementor-widget-button\" data-id=\"728120d\" data-element_type=\"widget\" data-e-type=\"widget\" data-widget_type=\"button.default\">\n\t\t\t\t\t\t\t\t\t\t<a class=\"elementor-button elementor-button-link elementor-size-sm\" href=\"https:\/\/allianceantitrafic.org\/vietnam\/cac-dich-vu-ho-tro-cua-aat\/\">\n\t\t\t\t\t\t<span class=\"elementor-button-content-wrapper\">\n\t\t\t\t\t\t\t\t\t<span class=\"elementor-button-text\">C\u00c1C D\u1ecaCH V\u1ee4 H\u1ed6 TR\u1ee2 C\u1ee6A AAT:<\/span>\n\t\t\t\t\t<\/span>\n\t\t\t\t\t<\/a>\n\t\t\t\t\t\t\t\t<\/div>\n\t\t\t\t\t<\/div>\n\t\t<\/div>\n\t\t\t\t\t<\/div>\n\t\t<\/section>\n\t\t\t\t<\/div>\n\t\t","protected":false},"excerpt":{"rendered":"<p>LI\u00caN MINH PH\u00d2NG CH\u1ed0NG BU\u00d4N B\u00c1N NG\u01af\u1edcI MINI SITE ti\u1ebfng vi\u1ec7t Facebook Facebook Youtube L\u1ecbch S\u1eed c\u1ee7a AAT Vi\u1ec7tnam Li\u00ean Minh Ph\u00f2ng ch\u1ed1ng bu\u00f4n b\u00e1n Ng\u01b0\u1eddi l\u00e0 t\u1ed5 ch\u1ee9c phi ch\u00ednh ph\u1ee7 ti\u00ean phong th\u1ef1c hi\u1ec7n b\u01b0\u1edbc ph\u00e1t tri\u1ec3n \u0111\u1ea7u ti\u00ean v\u1ec1 ch\u1ed1ng bu\u00f4n ng\u01b0\u1eddi v\u00e0 b\u00f3c l\u1ed9t t\u00ecnh d\u1ee5c. Qu\u00e1 tr\u00ecnh ph\u00e1t tri\u1ec3n c\u1ee7a&hellip;&nbsp;<a href=\"https:\/\/allianceantitrafic.org\/vietnam\/lich-su-aat-vn\/\" rel=\"bookmark\">Read More &raquo;<span class=\"screen-reader-text\">L\u1ecbch S\u1eed c\u1ee7a AAT Vi\u1ec7tnam<\/span><\/a><\/p>\n","protected":false},"author":1,"featured_media":0,"parent":0,"menu_order":0,"comment_status":"closed","ping_status":"closed","template":"page-templates\/template-pagebuilder-full-width.php","meta":{"neve_meta_sidebar":"","neve_meta_container":"","neve_meta_enable_content_width":"","neve_meta_content_width":0,"neve_meta_title_alignment":"","neve_meta_author_avatar":"","neve_post_elements_order":"","neve_meta_disable_header":"","neve_meta_disable_footer":"","neve_meta_disable_title":"","footnotes":""},"class_list":["post-375","page","type-page","status-publish","hentry"],"aioseo_notices":[],"_links":{"self":[{"href":"https:\/\/allianceantitrafic.org\/vietnam\/wp-json\/wp\/v2\/pages\/375","targetHints":{"allow":["GET"]}}],"collection":[{"href":"https:\/\/allianceantitrafic.org\/vietnam\/wp-json\/wp\/v2\/pages"}],"about":[{"href":"https:\/\/allianceantitrafic.org\/vietnam\/wp-json\/wp\/v2\/types\/page"}],"author":[{"embeddable":true,"href":"https:\/\/allianceantitrafic.org\/vietnam\/wp-json\/wp\/v2\/users\/1"}],"replies":[{"embeddable":true,"href":"https:\/\/allianceantitrafic.org\/vietnam\/wp-json\/wp\/v2\/comments?post=375"}],"version-history":[{"count":47,"href":"https:\/\/allianceantitrafic.org\/vietnam\/wp-json\/wp\/v2\/pages\/375\/revisions"}],"predecessor-version":[{"id":1346,"href":"https:\/\/allianceantitrafic.org\/vietnam\/wp-json\/wp\/v2\/pages\/375\/revisions\/1346"}],"wp:attachment":[{"href":"https:\/\/allianceantitrafic.org\/vietnam\/wp-json\/wp\/v2\/media?parent=375"}],"curies":[{"name":"wp","href":"https:\/\/api.w.org\/{rel}","templated":true}]}}