{"id":366,"date":"2021-11-13T12:20:11","date_gmt":"2021-11-13T12:20:11","guid":{"rendered":"https:\/\/allianceantitrafic.org\/vietnam\/?page_id=366"},"modified":"2023-11-01T02:08:21","modified_gmt":"2023-11-01T02:08:21","slug":"wdb-vn","status":"publish","type":"page","link":"https:\/\/allianceantitrafic.org\/vietnam\/wdb-vn\/","title":{"rendered":"C\u00e1c ho\u1ea1t \u0111\u1ed9ng"},"content":{"rendered":"\t\t<div data-elementor-type=\"wp-page\" data-elementor-id=\"366\" class=\"elementor elementor-366\" data-elementor-post-type=\"page\">\n\t\t\t\t\t\t<section class=\"elementor-section elementor-top-section elementor-element elementor-element-d472da5 elementor-section-full_width elementor-section-height-default elementor-section-height-default\" data-id=\"d472da5\" data-element_type=\"section\" data-e-type=\"section\" data-settings=\"{&quot;background_background&quot;:&quot;classic&quot;}\">\n\t\t\t\t\t\t<div class=\"elementor-container elementor-column-gap-default\">\n\t\t\t\t\t<div class=\"elementor-column elementor-col-100 elementor-top-column elementor-element elementor-element-a19c6ee\" data-id=\"a19c6ee\" data-element_type=\"column\" data-e-type=\"column\">\n\t\t\t<div class=\"elementor-widget-wrap elementor-element-populated\">\n\t\t\t\t\t\t<div class=\"elementor-element elementor-element-a47389a elementor-widget elementor-widget-heading\" data-id=\"a47389a\" data-element_type=\"widget\" data-e-type=\"widget\" data-widget_type=\"heading.default\">\n\t\t\t\t\t<h1 class=\"elementor-heading-title elementor-size-default\">LI\u00caN MINH PH\u00d2NG CH\u1ed0NG BU\u00d4N B\u00c1N NG\u01af\u1edcI <\/h1>\t\t\t\t<\/div>\n\t\t\t\t<section class=\"elementor-section elementor-inner-section elementor-element elementor-element-bb92337 elementor-section-boxed elementor-section-height-default elementor-section-height-default\" data-id=\"bb92337\" data-element_type=\"section\" data-e-type=\"section\">\n\t\t\t\t\t\t<div class=\"elementor-container elementor-column-gap-default\">\n\t\t\t\t\t<div class=\"elementor-column elementor-col-33 elementor-inner-column elementor-element elementor-element-00ace23\" data-id=\"00ace23\" data-element_type=\"column\" data-e-type=\"column\">\n\t\t\t<div class=\"elementor-widget-wrap elementor-element-populated\">\n\t\t\t\t\t\t<div class=\"elementor-element elementor-element-be8e660 elementor-widget elementor-widget-image\" data-id=\"be8e660\" data-element_type=\"widget\" data-e-type=\"widget\" data-widget_type=\"image.default\">\n\t\t\t\t\t\t\t\t\t\t\t\t\t\t\t<img decoding=\"async\" src=\"https:\/\/allianceantitrafic.org\/vietnam\/wp-content\/uploads\/sites\/3\/elementor\/thumbs\/AATIcon512-pfr5x7nfcrj9fkv29ejdx8g1nt2feh73h0lmtf0idc.png\" title=\"AATIcon512\" alt=\"AATIcon512\" loading=\"lazy\" \/>\t\t\t\t\t\t\t\t\t\t\t\t\t\t\t<\/div>\n\t\t\t\t\t<\/div>\n\t\t<\/div>\n\t\t\t\t<div class=\"elementor-column elementor-col-33 elementor-inner-column elementor-element elementor-element-c926e8e\" data-id=\"c926e8e\" data-element_type=\"column\" data-e-type=\"column\">\n\t\t\t<div class=\"elementor-widget-wrap elementor-element-populated\">\n\t\t\t\t\t\t<div class=\"elementor-element elementor-element-8e0c31f elementor-widget elementor-widget-heading\" data-id=\"8e0c31f\" data-element_type=\"widget\" data-e-type=\"widget\" data-widget_type=\"heading.default\">\n\t\t\t\t\t<h3 class=\"elementor-heading-title elementor-size-default\">MINI SITE ti\u1ebfng vi\u1ec7t<\/h3>\t\t\t\t<\/div>\n\t\t\t\t\t<\/div>\n\t\t<\/div>\n\t\t\t\t<div class=\"elementor-column elementor-col-33 elementor-inner-column elementor-element elementor-element-f0a0616\" data-id=\"f0a0616\" data-element_type=\"column\" data-e-type=\"column\">\n\t\t\t<div class=\"elementor-widget-wrap elementor-element-populated\">\n\t\t\t\t\t\t<div class=\"elementor-element elementor-element-c14b817 elementor-shape-rounded elementor-grid-0 e-grid-align-center elementor-widget elementor-widget-social-icons\" data-id=\"c14b817\" data-element_type=\"widget\" data-e-type=\"widget\" data-widget_type=\"social-icons.default\">\n\t\t\t\t\t\t\t<div class=\"elementor-social-icons-wrapper elementor-grid\" role=\"list\">\n\t\t\t\t\t\t\t<span class=\"elementor-grid-item\" role=\"listitem\">\n\t\t\t\t\t<a class=\"elementor-icon elementor-social-icon elementor-social-icon-facebook elementor-repeater-item-edad58c\" href=\"https:\/\/www.facebook.com\/aatvietnam\/\" target=\"_blank\">\n\t\t\t\t\t\t<span class=\"elementor-screen-only\">Facebook<\/span>\n\t\t\t\t\t\t<i aria-hidden=\"true\" class=\"fab fa-facebook\"><\/i>\t\t\t\t\t<\/a>\n\t\t\t\t<\/span>\n\t\t\t\t\t\t\t<span class=\"elementor-grid-item\" role=\"listitem\">\n\t\t\t\t\t<a class=\"elementor-icon elementor-social-icon elementor-social-icon-facebook elementor-repeater-item-f973957\" href=\"https:\/\/www.facebook.com\/GDGTVN\" target=\"_blank\">\n\t\t\t\t\t\t<span class=\"elementor-screen-only\">Facebook<\/span>\n\t\t\t\t\t\t<i aria-hidden=\"true\" class=\"fab fa-facebook\"><\/i>\t\t\t\t\t<\/a>\n\t\t\t\t<\/span>\n\t\t\t\t\t\t\t<span class=\"elementor-grid-item\" role=\"listitem\">\n\t\t\t\t\t<a class=\"elementor-icon elementor-social-icon elementor-social-icon-youtube elementor-repeater-item-1ac2df6\" href=\"https:\/\/www.youtube.com\/c\/AllianceAntiTraficVietnam\" target=\"_blank\">\n\t\t\t\t\t\t<span class=\"elementor-screen-only\">Youtube<\/span>\n\t\t\t\t\t\t<i aria-hidden=\"true\" class=\"fab fa-youtube\"><\/i>\t\t\t\t\t<\/a>\n\t\t\t\t<\/span>\n\t\t\t\t\t<\/div>\n\t\t\t\t\t\t<\/div>\n\t\t\t\t\t<\/div>\n\t\t<\/div>\n\t\t\t\t\t<\/div>\n\t\t<\/section>\n\t\t\t\t\t<\/div>\n\t\t<\/div>\n\t\t\t\t\t<\/div>\n\t\t<\/section>\n\t\t\t\t<section class=\"elementor-section elementor-top-section elementor-element elementor-element-d3eedea elementor-section-boxed elementor-section-height-default elementor-section-height-default\" data-id=\"d3eedea\" data-element_type=\"section\" data-e-type=\"section\" data-settings=\"{&quot;background_background&quot;:&quot;classic&quot;}\">\n\t\t\t\t\t\t<div class=\"elementor-container elementor-column-gap-default\">\n\t\t\t\t\t<div class=\"elementor-column elementor-col-100 elementor-top-column elementor-element elementor-element-51f8879\" data-id=\"51f8879\" data-element_type=\"column\" data-e-type=\"column\">\n\t\t\t<div class=\"elementor-widget-wrap elementor-element-populated\">\n\t\t\t\t\t\t<section class=\"elementor-section elementor-inner-section elementor-element elementor-element-1d511d3 elementor-section-boxed elementor-section-height-default elementor-section-height-default\" data-id=\"1d511d3\" data-element_type=\"section\" data-e-type=\"section\">\n\t\t\t\t\t\t<div class=\"elementor-container elementor-column-gap-default\">\n\t\t\t\t\t<div class=\"elementor-column elementor-col-50 elementor-inner-column elementor-element elementor-element-05249c9\" data-id=\"05249c9\" data-element_type=\"column\" data-e-type=\"column\">\n\t\t\t<div class=\"elementor-widget-wrap elementor-element-populated\">\n\t\t\t\t\t\t<div class=\"elementor-element elementor-element-f90a6ae elementor-widget elementor-widget-heading\" data-id=\"f90a6ae\" data-element_type=\"widget\" data-e-type=\"widget\" data-widget_type=\"heading.default\">\n\t\t\t\t\t<h1 class=\"elementor-heading-title elementor-size-default\">C\u00e1c ho\u1ea1t \u0111\u1ed9ng:<\/h1>\t\t\t\t<\/div>\n\t\t\t\t\t<\/div>\n\t\t<\/div>\n\t\t\t\t<div class=\"elementor-column elementor-col-50 elementor-inner-column elementor-element elementor-element-645f9ef\" data-id=\"645f9ef\" data-element_type=\"column\" data-e-type=\"column\">\n\t\t\t<div class=\"elementor-widget-wrap\">\n\t\t\t\t\t\t\t<\/div>\n\t\t<\/div>\n\t\t\t\t\t<\/div>\n\t\t<\/section>\n\t\t\t\t<div class=\"elementor-element elementor-element-924781e elementor-widget elementor-widget-heading\" data-id=\"924781e\" data-element_type=\"widget\" data-e-type=\"widget\" data-widget_type=\"heading.default\">\n\t\t\t\t\t<h2 class=\"elementor-heading-title elementor-size-default\">Where Dreams Bloom:<\/h2>\t\t\t\t<\/div>\n\t\t\t\t<div class=\"elementor-element elementor-element-0114f9e elementor-widget elementor-widget-text-editor\" data-id=\"0114f9e\" data-element_type=\"widget\" data-e-type=\"widget\" data-widget_type=\"text-editor.default\">\n\t\t\t\t\t\t\t\t\t<p><span class=\"JsGRdQ\">N\u01a1i nh\u1eefng m\u01a1 \u01b0\u1edbc n\u1edf hoa<\/span><span class=\"JsGRdQ\"> l\u00e0 ch\u01b0\u01a1ng tr\u00ecnh h\u1ed7 tr\u1ee3 35 tr\u1ebb em g\u00e1i t\u1eeb 7 \u0111\u1ebfn 20 tu\u1ed5i c\u00f3 m\u1eb9 ki\u1ebfm s\u1ed1ng b\u1eb1ng h\u00e0nh ngh\u1ec1 m\u1ea1i d\u00e2m. Ho\u00e0n c\u1ea3nh gia \u0111\u00ecnh kh\u00f4ng \u1ed5n \u0111\u1ecbnh d\u1eabn \u0111\u1ebfn cu\u1ed9c s\u1ed1ng c\u1ee7a c\u00e1c em b\u1ea5p b\u00eanh v\u00e0 c\u00f3 nguy c\u01a1 cao \u0111i v\u00e0o con \u0111\u01b0\u1eddng t\u01b0\u01a1ng t\u1ef1. Ch\u00fang t\u00f4i b\u1ea3o v\u1ec7 c\u00e1c em kh\u1ecfi c\u00e1c r\u1ee7i ro th\u00f4ng qua vi\u1ec7c h\u1ed7 tr\u1ee3 to\u00e0n b\u1ed9 chi ph\u00ed h\u1ecdc t\u1eadp, v\u00e3ng gia \u0111\u1ecbnh k\u1ef3 v\u00e0 trang b\u1ecb c\u00e1c k\u1ef9 n\u0103ng s\u1ed1ng cho c\u00e1c em v\u00e0 gia \u0111\u00ecnh. V\u1edbi s\u1ef1 h\u1ed7 tr\u1ee3 c\u1ee7a ch\u01b0\u01a1ng tr\u00ecnh, c\u00e1c em c\u00f3 th\u1ec3 tr\u1edf th\u00e0nh nh\u1eefng th\u00e0nh vi\u00ean gi\u00fap \u00edch cho ch\u00ednh c\u1ed9ng \u0111\u1ed3ng c\u1ee7a m\u00ecnh trong t\u01b0\u01a1ng lai.<\/span><\/p>\t\t\t\t\t\t\t\t<\/div>\n\t\t\t\t<div class=\"elementor-element elementor-element-9b72d53 elementor-widget elementor-widget-heading\" data-id=\"9b72d53\" data-element_type=\"widget\" data-e-type=\"widget\" data-widget_type=\"heading.default\">\n\t\t\t\t\t<h2 class=\"elementor-heading-title elementor-size-default\">Gi\u00e1o d\u1ee5c ph\u00f2ng ng\u1eeba:<\/h2>\t\t\t\t<\/div>\n\t\t\t\t<div class=\"elementor-element elementor-element-9382600 elementor-widget elementor-widget-text-editor\" data-id=\"9382600\" data-element_type=\"widget\" data-e-type=\"widget\" data-widget_type=\"text-editor.default\">\n\t\t\t\t\t\t\t\t\t<p><span class=\"JsGRdQ\">Gi\u00e1o d\u1ee5c ph\u00f2ng ng\u1eeba<\/span><span class=\"JsGRdQ\"> l\u00e0 m\u1ed9t trong nh\u1eefng gi\u1ea3i ph\u00e1p h\u1eefu hi\u1ec7u nh\u1ea5t \u0111\u1ec3 b\u1ea3o v\u1ec7 c\u1ed9ng \u0111\u1ed3ng kh\u1ecfi x\u00e2m h\u1ea1i t\u00ecnh d\u1ee5c v\u00e0 mua b\u00e1n ng\u01b0\u1eddi. V\u1edbi th\u1ef1c t\u1ebf n\u00e0y, D\u1ef1 \u00e1n c\u1ee7a AAT h\u01b0\u1edbng \u0111\u1ebfn \u0111\u1ed1i t\u01b0\u1ee3ng m\u1ee5c ti\u00eau l\u00e0 h\u1ecdc sinh v\u00e0 c\u00e1c c\u1ed9ng \u0111\u1ed3ng d\u1ec5 t\u1ed5n th\u01b0\u01a1ng, bao g\u1ed3m c\u1ed9ng \u0111\u1ed3ng d\u00e2n t\u1ed9c thi\u1ec3u s\u1ed1. \u0110\u1ebfn nay, D\u1ef1 \u00e1n \u0111\u00e3 c\u00f3 h\u01a1n 120.000 ng\u01b0\u1eddi h\u01b0\u1edfng l\u1ee3i.<\/span><\/p><p><span class=\"JsGRdQ\">C\u00f9ng v\u1edbi Kathmandu &#8211; m\u1ed9t c\u00f4ng ty c\u1ee7a New Zealand, d\u1ef1 \u00e1n c\u1ee7a ch\u00fang t\u00f4i m\u1edf r\u1ed9ng \u0111\u1ebfn c\u00e1c nh\u00e0 m\u00e1y \u0111\u1ecba ph\u01b0\u01a1ng v\u1edbi ng\u01b0\u1eddi h\u01b0\u1edfng l\u1ee3i l\u00e0 c\u00f4ng nh\u00e2n. Sau khi ho\u00e0n th\u00e0nh kh\u00f3a t\u1eadp hu\u1ea5n, c\u00f4ng ty s\u1ebd \u0111\u01b0\u1ee3c c\u1ea5p H\u1ee3p \u0111\u1ed3ng Tr\u00e1ch nhi\u1ec7m X\u00e3 h\u1ed9i (CRS). H\u1ee3p \u0111\u1ed3ng n\u00e0y l\u00e0 \u0111i\u1ec1u ki\u1ec7n c\u1ea7n khi c\u00e1c nh\u00e0 m\u00e1y xu\u1ea5t kh\u1ea9u h\u00e0ng h\u00f3a sang ch\u00e2u \u00c2u v\u00e0 Hoa K\u1ef3.<\/span><\/p>\t\t\t\t\t\t\t\t<\/div>\n\t\t\t\t<div class=\"elementor-element elementor-element-cd036ba elementor-widget elementor-widget-heading\" data-id=\"cd036ba\" data-element_type=\"widget\" data-e-type=\"widget\" data-widget_type=\"heading.default\">\n\t\t\t\t\t<h2 class=\"elementor-heading-title elementor-size-default\">Ch\u01b0\u01a1ng tr\u00ecnh gi\u1ea3m thi\u1ec3u t\u00e1c h\u1ea1i:<\/h2>\t\t\t\t<\/div>\n\t\t\t\t<div class=\"elementor-element elementor-element-89b6fc9 elementor-widget elementor-widget-text-editor\" data-id=\"89b6fc9\" data-element_type=\"widget\" data-e-type=\"widget\" data-widget_type=\"text-editor.default\">\n\t\t\t\t\t\t\t\t\t<p><span class=\"JsGRdQ\">Ch\u01b0\u01a1ng tr\u00ecnh gi\u1ea3m thi\u1ec3u t\u00e1c h\u1ea1i <\/span><span class=\"JsGRdQ\">v\u1edbi ng\u01b0\u1eddi h\u00e0nh ngh\u1ec1 m\u1ea1i d\u00e2m bao g\u1ed3m c\u00e1c h\u1ed7 tr\u1ee3 \u0111\u01b0\u1ee3c thi\u1ebft k\u1ebf nh\u1eb1m gi\u00fap gi\u1ea3m thi\u1ec3u nh\u1eefng h\u1eadu qu\u1ea3 ti\u00eau c\u1ef1c v\u1ec1 m\u1eb7t x\u00e3 h\u1ed9i v\u00e0\/ho\u1eb7c th\u1ec3 ch\u1ea5t cho thanh thi\u1ebfu ni\u00ean v\u00e0 ph\u1ee5 n\u1eef tham gia v\u00e0o l\u0129nh v\u1ef1c n\u00e0y.<\/span><\/p><p><span class=\"JsGRdQ\">\u0110\u1ebfn nay, c\u00f3 h\u01a1n 70.000 ng\u01b0\u1eddi \u0111\u01b0\u1ee3c gi\u00fap \u0111\u1ee1. H\u01a1n 1.500 ph\u1ee5 n\u1eef v\u00e0 thanh thi\u1ebfu ni\u00ean \u0111\u01b0\u1ee3c theo d\u00f5i b\u1edfi nh\u00f3m gi\u00e1o d\u1ee5c \u0111\u1ed3ng \u0111\u1eb3ng c\u1ee7a ch\u00fang t\u00f4i m\u1ed7i n\u0103m.<\/span><\/p>\t\t\t\t\t\t\t\t<\/div>\n\t\t\t\t<div class=\"elementor-element elementor-element-a053d1c elementor-widget elementor-widget-heading\" data-id=\"a053d1c\" data-element_type=\"widget\" data-e-type=\"widget\" data-widget_type=\"heading.default\">\n\t\t\t\t\t<h2 class=\"elementor-heading-title elementor-size-default\">N\u1ea1n bu\u00f4n ng\u01b0\u1eddi:<\/h2>\t\t\t\t<\/div>\n\t\t\t\t<div class=\"elementor-element elementor-element-461222d elementor-widget elementor-widget-text-editor\" data-id=\"461222d\" data-element_type=\"widget\" data-e-type=\"widget\" data-widget_type=\"text-editor.default\">\n\t\t\t\t\t\t\t\t\t<p><span class=\"JsGRdQ\"> Cung c\u1ea5p h\u1ed7 tr\u1ee3 cho n\u1ea1n nh\u00e2n bu\u00f4n ng\u01b0\u1eddi \u0111\u01b0\u1ee3c gi\u1ea3i c\u1ee9u kh\u1ecfi m\u1ea1ng l\u01b0\u1edbi m\u1ea1i d\u00e2m v\u00e0 mang thai h\u1ed9 \u1edf nhi\u1ec1u khu v\u1ef1c tr\u00ean th\u1ebf gi\u1edbi. 2001 &#8211; 2020:<\/span> <span class=\"JsGRdQ\">AAT gi\u00fap \u0111\u1ee1 <\/span><span class=\"JsGRdQ\">8372<\/span><span class=\"JsGRdQ\"> ph\u1ee5 n\u1eef, tr\u1ebb em &amp; nam gi\u1edbi, trong \u0111\u00f3 c\u00f3 <\/span><span class=\"JsGRdQ\">5580<\/span><span class=\"JsGRdQ\"> ng\u01b0\u1eddi Vi\u1ec7t Nam.<\/span><\/p><p><span class=\"JsGRdQ\">Bu\u00f4n b\u00e1n ng\u01b0\u1eddi l\u00e0 b\u1ea5t k\u1ef3 t\u00ecnh hu\u1ed1ng n\u00e0o c\u00f3 s\u1eed d\u1ee5ng c\u00e1c y\u1ebfu t\u1ed1 \u201cv\u0169 l\u1ef1c, c\u01b0\u1ee1ng b\u1ee9c, b\u1eaft c\u00f3c, l\u1eeba g\u1ea1t, m\u00e1nh kh\u00f3e, l\u1ea1m d\u1ee5ng quy\u1ec1n l\u1ef1c ho\u1eb7c l\u1ee3i d\u1ee5ng t\u00ecnh th\u1ebf d\u1ec5 b\u1ecb t\u1ed5n h\u1ea1i, trao\/tr\u1ea3 ti\u1ec1n ho\u1eb7c l\u1ee3i \u00edch cho ng\u01b0\u1eddi b\u1ecb ki\u1ec3m so\u00e1t\u201d \u0111\u1ec3 b\u00f3c l\u1ed9t ng\u01b0\u1eddi kh\u00e1c.<\/span><\/p>\t\t\t\t\t\t\t\t<\/div>\n\t\t\t\t<div class=\"elementor-element elementor-element-fae9f0e elementor-widget elementor-widget-heading\" data-id=\"fae9f0e\" data-element_type=\"widget\" data-e-type=\"widget\" data-widget_type=\"heading.default\">\n\t\t\t\t\t<h2 class=\"elementor-heading-title elementor-size-default\">S\u1ef1 h\u1ee3p t\u00e1c:<\/h2>\t\t\t\t<\/div>\n\t\t\t\t<div class=\"elementor-element elementor-element-06d7dd4 elementor-widget elementor-widget-text-editor\" data-id=\"06d7dd4\" data-element_type=\"widget\" data-e-type=\"widget\" data-widget_type=\"text-editor.default\">\n\t\t\t\t\t\t\t\t\t<p><span class=\"JsGRdQ\">AAT l\u00e0 m\u1ed9t \u0111\u1ed1i t\u00e1c c\u1ee7a ARLEMP (Ch\u01b0\u01a1ng tr\u00ecnh qu\u1ea3n l\u00fd th\u1ef1c thi ph\u00e1p lu\u1eadt khu v\u1ef1c ch\u00e2u \u00c1) thu\u1ed9c C\u1ea3nh s\u00e1t Li\u00ean bang \u00dac, \u0110\u1ea1i h\u1ecdc RMIT v\u00e0 D\u1ef1 \u00e1n EMPACT v\u1ec1 ph\u00f2ng ch\u1ed1ng b\u00f3c l\u1ed9t t\u00ecnh d\u1ee5c tr\u1ebb em c\u1ee7a INTERPOL-EUROPOL v\u00e0 B\u1ed9 N\u1ed9i v\u1ee5 Ph\u00e1p.<\/span><\/p>\t\t\t\t\t\t\t\t<\/div>\n\t\t\t\t<div class=\"elementor-element elementor-element-152027d elementor-widget elementor-widget-heading\" data-id=\"152027d\" data-element_type=\"widget\" data-e-type=\"widget\" data-widget_type=\"heading.default\">\n\t\t\t\t\t<h2 class=\"elementor-heading-title elementor-size-default\">Nghi\u00ean C\u1ee9u:<\/h2>\t\t\t\t<\/div>\n\t\t\t\t<div class=\"elementor-element elementor-element-45dfe0a elementor-widget elementor-widget-text-editor\" data-id=\"45dfe0a\" data-element_type=\"widget\" data-e-type=\"widget\" data-widget_type=\"text-editor.default\">\n\t\t\t\t\t\t\t\t\t<p><span class=\"JsGRdQ\">Ch\u00fang t\u00f4i thu th\u1eadp nhi\u1ec1u c\u01a1 s\u1edf d\u1eef li\u1ec7u \u0111\u1ed9c \u0111\u00e1o trong h\u01a1n 20 n\u0103m qua. C\u00e1c d\u1eef li\u1ec7u n\u00e0y \u0111\u01b0\u1ee3c s\u1eed d\u1ee5ng trong c\u00e1c b\u00e1o c\u00e1o \u0110\u01b0\u1eddng \u0111\u1ebfn n\u01b0\u1edbc Anh (France Terre D\u2019Asile) v\u00e0 B\u00e1o c\u00e1o th\u1ebf gi\u1edbi v\u1ec1 m\u1ea1i d\u00e2m l\u1ea7n th\u1ee9 5 (Qu\u1ef9 SCELLES). C\u00e1c nh\u00e2n vi\u00ean nghi\u00ean c\u1ee9u c\u1ee7a t\u1ed5 ch\u1ee9c v\u1eabn \u0111ang tham gia v\u00e0o c\u00e1c b\u00e1o c\u00e1o \u0111\u01b0\u1ee3c \u0111\u0103ng tr\u00ean c\u00e1c t\u1ea1p ch\u00ed khoa h\u1ecdc uy t\u00edn tr\u00ean th\u1ebf gi\u1edbi v\u00e0 c\u00e1c h\u1ed9i ngh\u1ecb t\u1ea1i c\u00e1c tr\u01b0\u1eddng \u0110\u1ea1i h\u1ecdc Oxford Brookes, \u0110\u1ea1i h\u1ecdc x\u00e3 h\u1ed9i Washington DC v\u00e0 Chicago.<\/span><\/p>\t\t\t\t\t\t\t\t<\/div>\n\t\t\t\t<div class=\"elementor-element elementor-element-cbd0af5 elementor-widget elementor-widget-button\" data-id=\"cbd0af5\" data-element_type=\"widget\" data-e-type=\"widget\" data-widget_type=\"button.default\">\n\t\t\t\t\t\t\t\t\t\t<a class=\"elementor-button elementor-button-link elementor-size-sm\" href=\"https:\/\/allianceantitrafic.org\/vietnam\/lich-su-aat-vn\/\">\n\t\t\t\t\t\t<span class=\"elementor-button-content-wrapper\">\n\t\t\t\t\t\t\t\t\t<span class=\"elementor-button-text\">L\u1ecaCH S\u1eec C\u1ee6A AAT VI\u1ec6TNAM<\/span>\n\t\t\t\t\t<\/span>\n\t\t\t\t\t<\/a>\n\t\t\t\t\t\t\t\t<\/div>\n\t\t\t\t\t<\/div>\n\t\t<\/div>\n\t\t\t\t\t<\/div>\n\t\t<\/section>\n\t\t\t\t<\/div>\n\t\t","protected":false},"excerpt":{"rendered":"<p>LI\u00caN MINH PH\u00d2NG CH\u1ed0NG BU\u00d4N B\u00c1N NG\u01af\u1edcI MINI SITE ti\u1ebfng vi\u1ec7t Facebook Facebook Youtube C\u00e1c ho\u1ea1t \u0111\u1ed9ng: Where Dreams Bloom: N\u01a1i nh\u1eefng m\u01a1 \u01b0\u1edbc n\u1edf hoa l\u00e0 ch\u01b0\u01a1ng tr\u00ecnh h\u1ed7 tr\u1ee3 35 tr\u1ebb em g\u00e1i t\u1eeb 7 \u0111\u1ebfn 20 tu\u1ed5i c\u00f3 m\u1eb9 ki\u1ebfm s\u1ed1ng b\u1eb1ng h\u00e0nh ngh\u1ec1 m\u1ea1i d\u00e2m. Ho\u00e0n c\u1ea3nh gia \u0111\u00ecnh kh\u00f4ng \u1ed5n&hellip;&nbsp;<a href=\"https:\/\/allianceantitrafic.org\/vietnam\/wdb-vn\/\" rel=\"bookmark\">Read More &raquo;<span class=\"screen-reader-text\">C\u00e1c ho\u1ea1t \u0111\u1ed9ng<\/span><\/a><\/p>\n","protected":false},"author":1,"featured_media":0,"parent":0,"menu_order":0,"comment_status":"closed","ping_status":"closed","template":"page-templates\/template-pagebuilder-full-width.php","meta":{"neve_meta_sidebar":"","neve_meta_container":"","neve_meta_enable_content_width":"","neve_meta_content_width":0,"neve_meta_title_alignment":"","neve_meta_author_avatar":"","neve_post_elements_order":"","neve_meta_disable_header":"","neve_meta_disable_footer":"","neve_meta_disable_title":"","footnotes":""},"class_list":["post-366","page","type-page","status-publish","hentry"],"aioseo_notices":[],"_links":{"self":[{"href":"https:\/\/allianceantitrafic.org\/vietnam\/wp-json\/wp\/v2\/pages\/366","targetHints":{"allow":["GET"]}}],"collection":[{"href":"https:\/\/allianceantitrafic.org\/vietnam\/wp-json\/wp\/v2\/pages"}],"about":[{"href":"https:\/\/allianceantitrafic.org\/vietnam\/wp-json\/wp\/v2\/types\/page"}],"author":[{"embeddable":true,"href":"https:\/\/allianceantitrafic.org\/vietnam\/wp-json\/wp\/v2\/users\/1"}],"replies":[{"embeddable":true,"href":"https:\/\/allianceantitrafic.org\/vietnam\/wp-json\/wp\/v2\/comments?post=366"}],"version-history":[{"count":78,"href":"https:\/\/allianceantitrafic.org\/vietnam\/wp-json\/wp\/v2\/pages\/366\/revisions"}],"predecessor-version":[{"id":1340,"href":"https:\/\/allianceantitrafic.org\/vietnam\/wp-json\/wp\/v2\/pages\/366\/revisions\/1340"}],"wp:attachment":[{"href":"https:\/\/allianceantitrafic.org\/vietnam\/wp-json\/wp\/v2\/media?parent=366"}],"curies":[{"name":"wp","href":"https:\/\/api.w.org\/{rel}","templated":true}]}}