{"id":165,"date":"2021-11-10T08:38:44","date_gmt":"2021-11-10T08:38:44","guid":{"rendered":"https:\/\/allianceantitrafic.org\/vietnam\/?page_id=165"},"modified":"2023-11-01T02:14:54","modified_gmt":"2023-11-01T02:14:54","slug":"cac-dich-vu-ho-tro-cua-aat","status":"publish","type":"page","link":"https:\/\/allianceantitrafic.org\/vietnam\/cac-dich-vu-ho-tro-cua-aat\/","title":{"rendered":"C\u00e1c d\u1ecbch v\u1ee5 h\u1ed7 tr\u1ee3 c\u1ee7a AAT"},"content":{"rendered":"\t\t<div data-elementor-type=\"wp-page\" data-elementor-id=\"165\" class=\"elementor elementor-165\" data-elementor-post-type=\"page\">\n\t\t\t\t\t\t<section class=\"elementor-section elementor-top-section elementor-element elementor-element-6fd3112 elementor-section-full_width elementor-section-height-default elementor-section-height-default\" data-id=\"6fd3112\" data-element_type=\"section\" data-e-type=\"section\" data-settings=\"{&quot;background_background&quot;:&quot;classic&quot;}\">\n\t\t\t\t\t\t<div class=\"elementor-container elementor-column-gap-default\">\n\t\t\t\t\t<div class=\"elementor-column elementor-col-100 elementor-top-column elementor-element elementor-element-45b42ad\" data-id=\"45b42ad\" data-element_type=\"column\" data-e-type=\"column\">\n\t\t\t<div class=\"elementor-widget-wrap elementor-element-populated\">\n\t\t\t\t\t\t<div class=\"elementor-element elementor-element-ff2087a elementor-widget elementor-widget-heading\" data-id=\"ff2087a\" data-element_type=\"widget\" data-e-type=\"widget\" data-widget_type=\"heading.default\">\n\t\t\t\t\t<h1 class=\"elementor-heading-title elementor-size-default\">LI\u00caN MINH PH\u00d2NG CH\u1ed0NG BU\u00d4N B\u00c1N NG\u01af\u1edcI <\/h1>\t\t\t\t<\/div>\n\t\t\t\t<section class=\"elementor-section elementor-inner-section elementor-element elementor-element-79b81d8 elementor-section-boxed elementor-section-height-default elementor-section-height-default\" data-id=\"79b81d8\" data-element_type=\"section\" data-e-type=\"section\">\n\t\t\t\t\t\t<div class=\"elementor-container elementor-column-gap-default\">\n\t\t\t\t\t<div class=\"elementor-column elementor-col-33 elementor-inner-column elementor-element elementor-element-4132018\" data-id=\"4132018\" data-element_type=\"column\" data-e-type=\"column\">\n\t\t\t<div class=\"elementor-widget-wrap elementor-element-populated\">\n\t\t\t\t\t\t<div class=\"elementor-element elementor-element-3bd3e20 elementor-widget elementor-widget-image\" data-id=\"3bd3e20\" data-element_type=\"widget\" data-e-type=\"widget\" data-widget_type=\"image.default\">\n\t\t\t\t\t\t\t\t\t\t\t\t\t\t\t<img decoding=\"async\" src=\"https:\/\/allianceantitrafic.org\/vietnam\/wp-content\/uploads\/sites\/3\/elementor\/thumbs\/AATIcon512-pfr5x7nfcrj9fkv29ejdx8g1nt2feh73h0lmtf0idc.png\" title=\"AATIcon512\" alt=\"AATIcon512\" loading=\"lazy\" \/>\t\t\t\t\t\t\t\t\t\t\t\t\t\t\t<\/div>\n\t\t\t\t\t<\/div>\n\t\t<\/div>\n\t\t\t\t<div class=\"elementor-column elementor-col-33 elementor-inner-column elementor-element elementor-element-8b73a5e\" data-id=\"8b73a5e\" data-element_type=\"column\" data-e-type=\"column\">\n\t\t\t<div class=\"elementor-widget-wrap elementor-element-populated\">\n\t\t\t\t\t\t<div class=\"elementor-element elementor-element-6aa757b elementor-widget elementor-widget-heading\" data-id=\"6aa757b\" data-element_type=\"widget\" data-e-type=\"widget\" data-widget_type=\"heading.default\">\n\t\t\t\t\t<h3 class=\"elementor-heading-title elementor-size-default\">MINI SITE ti\u1ebfng vi\u1ec7t<\/h3>\t\t\t\t<\/div>\n\t\t\t\t\t<\/div>\n\t\t<\/div>\n\t\t\t\t<div class=\"elementor-column elementor-col-33 elementor-inner-column elementor-element elementor-element-aae0f29\" data-id=\"aae0f29\" data-element_type=\"column\" data-e-type=\"column\">\n\t\t\t<div class=\"elementor-widget-wrap elementor-element-populated\">\n\t\t\t\t\t\t<div class=\"elementor-element elementor-element-125469a elementor-shape-rounded elementor-grid-0 e-grid-align-center elementor-widget elementor-widget-social-icons\" data-id=\"125469a\" data-element_type=\"widget\" data-e-type=\"widget\" data-widget_type=\"social-icons.default\">\n\t\t\t\t\t\t\t<div class=\"elementor-social-icons-wrapper elementor-grid\" role=\"list\">\n\t\t\t\t\t\t\t<span class=\"elementor-grid-item\" role=\"listitem\">\n\t\t\t\t\t<a class=\"elementor-icon elementor-social-icon elementor-social-icon-facebook elementor-repeater-item-edad58c\" href=\"https:\/\/www.facebook.com\/aatvietnam\/\" target=\"_blank\">\n\t\t\t\t\t\t<span class=\"elementor-screen-only\">Facebook<\/span>\n\t\t\t\t\t\t<i aria-hidden=\"true\" class=\"fab fa-facebook\"><\/i>\t\t\t\t\t<\/a>\n\t\t\t\t<\/span>\n\t\t\t\t\t\t\t<span class=\"elementor-grid-item\" role=\"listitem\">\n\t\t\t\t\t<a class=\"elementor-icon elementor-social-icon elementor-social-icon-facebook elementor-repeater-item-f973957\" href=\"https:\/\/www.facebook.com\/GDGTVN\" target=\"_blank\">\n\t\t\t\t\t\t<span class=\"elementor-screen-only\">Facebook<\/span>\n\t\t\t\t\t\t<i aria-hidden=\"true\" class=\"fab fa-facebook\"><\/i>\t\t\t\t\t<\/a>\n\t\t\t\t<\/span>\n\t\t\t\t\t\t\t<span class=\"elementor-grid-item\" role=\"listitem\">\n\t\t\t\t\t<a class=\"elementor-icon elementor-social-icon elementor-social-icon-youtube elementor-repeater-item-1ac2df6\" href=\"https:\/\/www.youtube.com\/c\/AllianceAntiTraficVietnam\" target=\"_blank\">\n\t\t\t\t\t\t<span class=\"elementor-screen-only\">Youtube<\/span>\n\t\t\t\t\t\t<i aria-hidden=\"true\" class=\"fab fa-youtube\"><\/i>\t\t\t\t\t<\/a>\n\t\t\t\t<\/span>\n\t\t\t\t\t<\/div>\n\t\t\t\t\t\t<\/div>\n\t\t\t\t\t<\/div>\n\t\t<\/div>\n\t\t\t\t\t<\/div>\n\t\t<\/section>\n\t\t\t\t\t<\/div>\n\t\t<\/div>\n\t\t\t\t\t<\/div>\n\t\t<\/section>\n\t\t\t\t<section class=\"elementor-section elementor-top-section elementor-element elementor-element-aaccfe1 elementor-section-boxed elementor-section-height-default elementor-section-height-default\" data-id=\"aaccfe1\" data-element_type=\"section\" data-e-type=\"section\" data-settings=\"{&quot;background_background&quot;:&quot;classic&quot;}\">\n\t\t\t\t\t\t<div class=\"elementor-container elementor-column-gap-default\">\n\t\t\t\t\t<div class=\"elementor-column elementor-col-100 elementor-top-column elementor-element elementor-element-249bef0b\" data-id=\"249bef0b\" data-element_type=\"column\" data-e-type=\"column\" data-settings=\"{&quot;background_background&quot;:&quot;classic&quot;}\">\n\t\t\t<div class=\"elementor-widget-wrap elementor-element-populated\">\n\t\t\t\t\t\t<section class=\"elementor-section elementor-inner-section elementor-element elementor-element-62d376e elementor-section-boxed elementor-section-height-default elementor-section-height-default\" data-id=\"62d376e\" data-element_type=\"section\" data-e-type=\"section\">\n\t\t\t\t\t\t<div class=\"elementor-container elementor-column-gap-default\">\n\t\t\t\t\t<div class=\"elementor-column elementor-col-50 elementor-inner-column elementor-element elementor-element-dc209c7\" data-id=\"dc209c7\" data-element_type=\"column\" data-e-type=\"column\">\n\t\t\t<div class=\"elementor-widget-wrap elementor-element-populated\">\n\t\t\t\t\t\t<div class=\"elementor-element elementor-element-fb03145 elementor-widget elementor-widget-heading\" data-id=\"fb03145\" data-element_type=\"widget\" data-e-type=\"widget\" data-widget_type=\"heading.default\">\n\t\t\t\t\t<h1 class=\"elementor-heading-title elementor-size-default\">C\u00e1c d\u1ecbch v\u1ee5 h\u1ed7 tr\u1ee3 c\u1ee7a AAT:<\/h1>\t\t\t\t<\/div>\n\t\t\t\t\t<\/div>\n\t\t<\/div>\n\t\t\t\t<div class=\"elementor-column elementor-col-50 elementor-inner-column elementor-element elementor-element-b984b80\" data-id=\"b984b80\" data-element_type=\"column\" data-e-type=\"column\">\n\t\t\t<div class=\"elementor-widget-wrap\">\n\t\t\t\t\t\t\t<\/div>\n\t\t<\/div>\n\t\t\t\t\t<\/div>\n\t\t<\/section>\n\t\t\t\t<div class=\"elementor-element elementor-element-672157e8 elementor-widget elementor-widget-text-editor\" data-id=\"672157e8\" data-element_type=\"widget\" data-e-type=\"widget\" data-widget_type=\"text-editor.default\">\n\t\t\t\t\t\t\t\t\t<table style=\"height: 617px;\" width=\"603\">\n<tbody>\n<tr>\n<td colspan=\"3\">\n<h2>AAT l\u00e0 ai?<\/h2>\nAAT l\u00e0 m\u1ed9t t\u1ed5 ch\u1ee9c phi ch\u00ednh ph\u1ee7 qu\u1ed1c t\u1ebf h\u1ed7 tr\u1ee3 ph\u1ee5 n\u1eef c\u00f3 nguy c\u01a1 v\u00e0 c\u00f3 ho\u00e0n c\u1ea3nh kh\u00f3 kh\u0103n. AAT c\u00f3 r\u1ea5t nhi\u1ec1u kinh nghi\u1ec7m trong c\u00e1c l\u0129nh v\u1ef1c ho\u1ea1t \u0111\u1ed9ng c\u1ee7a m\u00ecnh: H\u1ed3i h\u01b0\u01a1ng, ph\u1ee5c h\u1ed3i v\u00e0 t\u00e1i ho\u00e0 nh\u1eadp c\u1ed9ng \u0111\u1ed3ng.\nT\u1ea1i Vi\u1ec7t Nam, AAT c\u00f3 v\u0103n ph\u00f2ng t\u1ea1i TP H\u1ed3 Ch\u00ed Minh\n<h2 style=\"text-align: justify;\">T\u1ea1i sao b\u1ea1n n\u00ean li\u00ean h\u1ec7 AAT?<\/h2>\n\u0110\u1eebng ng\u1ea7n ng\u1ea1i li\u00ean h\u1ec7 AAT. Ch\u00fang t\u00f4i s\u1ebd cung c\u1ea5p cho b\u1ea1n c\u00e1c th\u00f4ng tin c\u1ea7n thi\u1ebft. AAT c\u00f3 m\u1ed9t \u0111\u1ed9i ng\u0169 nh\u00e2n s\u1ef1 kinh nghi\u1ec7m, th\u00e2n thi\u1ec7n v\u00e0 nhi\u1ec7t t\u00ecnh. B\u1ea1n s\u1ebd c\u1ea3m th\u1ea5y th\u1eadt s\u1ef1 tho\u1ea3i m\u00e1i v\u00e0 kh\u00f4ng \u00e1p l\u1ef1c. Ch\u00fang t\u00f4i ho\u00e0n to\u00e0n t\u00f4n tr\u1ecdng c\u00e1c quy\u1ebft \u0111\u1ecbnh c\u1ee7a b\u1ea1n.\n<h2>C\u00e1c d\u1ecbch v\u1ee5 h\u1ed7 tr\u1ee3 c\u1ee7a AAT<\/h2>\nCh\u00fang t\u00f4i c\u00f3 m\u1ed9t n\u01a1i an to\u00e0n cho b\u1ea1n t\u00e1 t\u00fac mi\u1ec5n ph\u00ed t\u1ea1i th\u00e0nh ph\u1ed1 HCM trong th\u1eddi gian b\u1ea1n c\u1ea7n suy ngh\u0129 b\u01b0\u1edbc ti\u1ebfp theo trong h\u00e0nh tr\u00ecnh c\u1ee7a m\u00ecnh. B\u1ea1n KH\u00d4NG B\u1eca B\u1eaeT BU\u1ed8C ph\u1ea3i \u1edf t\u1ea1i Nh\u00e0 c\u1ee7a AAT \u0111\u1ec3 nh\u1eadn c\u00e1c d\u1ecbch v\u1ee5 h\u1ed7 tr\u1ee3 kh\u00e1c c\u1ee7a AAT.\nNgo\u00e0i n\u01a1i \u1edf, ch\u00fang t\u00f4i c\u00f2n c\u00e1c d\u1ecbch v\u1ee5 h\u1ed7 tr\u1ee3 MI\u1ec4N PH\u00cd kh\u00e1c m\u00e0 b\u1ea1n c\u00f3 th\u1ec3 c\u1ea7n:<\/td>\n<\/tr>\n<tr>\n<td>1.<\/td>\n<td>H\u1ed7 tr\u1ee3 \u0111i l\u1ea1i: \u0111\u00f3n b\u1ea1n t\u1ea1i s\u00e2n bay, s\u1eafp x\u1ebfp ph\u01b0\u01a1ng ti\u1ec7n \u0111\u1ec3 b\u1ea1n v\u1ec1 nh\u00e0 v\u00e0 h\u1ed7 tr\u1ee3\u00a0 chi ph\u00ed.<\/td>\n<td><\/td>\n<\/tr>\n<tr>\n<td>\u00a02.<\/td>\n<td>B\u1ed9 ch\u0103m s\u00f3c c\u00e1 nh\u00e2n: g\u1ed3m c\u00f3 b\u1ea3n ch\u1ea3i \u0111\u00e1nh r\u0103ng, kem \u0111\u00e1nh r\u0103ng, l\u01b0\u1ee3c, b\u0103ng v\u1ec7 sinh, kh\u0103n, x\u00e0 b\u00f4ng t\u1eafm v\u00e0 x\u00e0 b\u00f4ng g\u1ed9i \u0111\u1ea7u.<\/td>\n<td><\/td>\n<\/tr>\n<tr>\n<td>3.<\/td>\n<td>Ch\u0103m s\u00f3c s\u1ee9c kho\u1ebb: S\u1eafp x\u1ebfp kh\u00e1m ch\u1eefa b\u1ec7nh v\u00e0 th\u1ef1c hi\u1ec7n c\u00e1c x\u00e9t nghi\u1ec7m. Mua b\u1ea3o hi\u1ec3m y t\u1ebf.<\/td>\n<td><\/td>\n<\/tr>\n<tr>\n<td>4.<\/td>\n<td>H\u1ed7 tr\u1ee3 t\u00e2m l\u00fd.<\/td>\n<td><\/td>\n<\/tr>\n<tr>\n<td>5.<\/td>\n<td>T\u01b0 v\u1ea5n ngh\u1ec1 nghi\u1ec7p v\u00e0 h\u1ecdc ngh\u1ec1: nh\u00e2n vi\u00ean c\u1ee7a ch\u00fang t\u00f4i s\u1ebd cung c\u1ea5p c\u00e1c th\u00f4ng tin v\u1ec1 ngh\u1ec1 nghi\u1ec7p ph\u00f9 h\u1ee3p v\u1edbi k\u1ef9 n\u0103ng v\u00e0 kinh nghi\u1ec7m c\u1ee7a b\u1ea1n. N\u1ebfu b\u1ea1n ch\u1ecdn h\u1ecdc ngh\u1ec1, ch\u00fang t\u00f4i s\u1ebd h\u1ed7 tr\u1ee3 to\u00e0n ph\u1ea7n ho\u1eb7c m\u1ed9t ph\u1ea7n chi ch\u00ed.<\/td>\n<td><\/td>\n<\/tr>\n<tr>\n<td>6.<\/td>\n<td>Trang b\u1ecb k\u1ef9 n\u0103ng s\u1ed1ng: Ch\u00fang t\u00f4i cung c\u1ea5p c\u00e1c t\u1eadp hu\u1ea5n v\u1ec1 k\u1ef9 n\u0103ng s\u1ed1ng cho c\u00e1c h\u1ecdc vi\u00ean \u1edf t\u1ea1i Trung t\u00e2m ho\u1eb7c t\u01b0 v\u1ea5n v\u1ec1 k\u1ef9 n\u0103ng s\u1ed1ng cho c\u00e1c b\u1ea1n kh\u00f4ng \u1edf Trung t\u00e2m theo h\u1eb9n (v\u1ec1: vi\u1ebft s\u01a1 y\u1ebfu l\u00fd l\u1ecbch xin vi\u1ec7c, \u0111\u01a1n xin vi\u1ec7c, s\u1eed d\u1ee5ng m\u00e1y vi t\u00ednh, qu\u1ea3n l\u00fd t\u00e0i ch\u00ednh,email, k\u1ebf ho\u1ea1ch kinh doanh,&#8230;)<\/td>\n<td><\/td>\n<\/tr>\n<tr>\n<td>7.<\/td>\n<td>Vay v\u1ed1n kinh doanh nh\u1ecf: Ch\u00fang t\u00f4i t\u01b0 v\u1ea5n cho b\u1ea1n v\u1ec1 kinh doanh nh\u1ecf h\u1ed9 gia \u0111\u00ecnh v\u00e0 m\u1ed9t kho\u1ea3n vay cho c\u00e1c k\u1ebf ho\u1ea1ch kinh doanh kh\u1ea3 thi.<\/td>\n<td><\/td>\n<\/tr>\n<tr>\n<td>8.<\/td>\n<td>Theo d\u00f5i h\u1ed7 tr\u1ee3 t\u1ea1i c\u1ed9ng \u0111\u1ed3ng<\/td>\n<td><\/td>\n<\/tr>\n<tr>\n<td><\/td>\n<td>\n<h6>\u00a0Li\u00ean h\u1ec7: 0902 944 334<\/h6>\n<\/td>\n<td><\/td>\n<\/tr>\n<\/tbody>\n<\/table>\t\t\t\t\t\t\t\t<\/div>\n\t\t\t\t<div class=\"elementor-element elementor-element-cdf8f0f elementor-widget elementor-widget-button\" data-id=\"cdf8f0f\" data-element_type=\"widget\" data-e-type=\"widget\" data-widget_type=\"button.default\">\n\t\t\t\t\t\t\t\t\t\t<a class=\"elementor-button elementor-button-link elementor-size-sm\" href=\"https:\/\/allianceantitrafic.org\/vietnam\/giup-do-chung-toi\/\">\n\t\t\t\t\t\t<span class=\"elementor-button-content-wrapper\">\n\t\t\t\t\t\t\t\t\t<span class=\"elementor-button-text\">GI\u00daP \u0110\u1ee0 CH\u00daNG T\u00d4I:<\/span>\n\t\t\t\t\t<\/span>\n\t\t\t\t\t<\/a>\n\t\t\t\t\t\t\t\t<\/div>\n\t\t\t\t\t<\/div>\n\t\t<\/div>\n\t\t\t\t\t<\/div>\n\t\t<\/section>\n\t\t\t\t<\/div>\n\t\t","protected":false},"excerpt":{"rendered":"<p>LI\u00caN MINH PH\u00d2NG CH\u1ed0NG BU\u00d4N B\u00c1N NG\u01af\u1edcI MINI SITE ti\u1ebfng vi\u1ec7t Facebook Facebook Youtube C\u00e1c d\u1ecbch v\u1ee5 h\u1ed7 tr\u1ee3 c\u1ee7a AAT: AAT l\u00e0 ai? AAT l\u00e0 m\u1ed9t t\u1ed5 ch\u1ee9c phi ch\u00ednh ph\u1ee7 qu\u1ed1c t\u1ebf h\u1ed7 tr\u1ee3 ph\u1ee5 n\u1eef c\u00f3 nguy c\u01a1 v\u00e0 c\u00f3 ho\u00e0n c\u1ea3nh kh\u00f3 kh\u0103n. AAT c\u00f3 r\u1ea5t nhi\u1ec1u kinh nghi\u1ec7m trong c\u00e1c&hellip;&nbsp;<a href=\"https:\/\/allianceantitrafic.org\/vietnam\/cac-dich-vu-ho-tro-cua-aat\/\" rel=\"bookmark\">Read More &raquo;<span class=\"screen-reader-text\">C\u00e1c d\u1ecbch v\u1ee5 h\u1ed7 tr\u1ee3 c\u1ee7a AAT<\/span><\/a><\/p>\n","protected":false},"author":1,"featured_media":0,"parent":0,"menu_order":0,"comment_status":"closed","ping_status":"closed","template":"page-templates\/template-pagebuilder-full-width.php","meta":{"neve_meta_sidebar":"","neve_meta_container":"","neve_meta_enable_content_width":"","neve_meta_content_width":0,"neve_meta_title_alignment":"","neve_meta_author_avatar":"","neve_post_elements_order":"","neve_meta_disable_header":"","neve_meta_disable_footer":"","neve_meta_disable_title":"","footnotes":""},"class_list":["post-165","page","type-page","status-publish","hentry"],"aioseo_notices":[],"_links":{"self":[{"href":"https:\/\/allianceantitrafic.org\/vietnam\/wp-json\/wp\/v2\/pages\/165","targetHints":{"allow":["GET"]}}],"collection":[{"href":"https:\/\/allianceantitrafic.org\/vietnam\/wp-json\/wp\/v2\/pages"}],"about":[{"href":"https:\/\/allianceantitrafic.org\/vietnam\/wp-json\/wp\/v2\/types\/page"}],"author":[{"embeddable":true,"href":"https:\/\/allianceantitrafic.org\/vietnam\/wp-json\/wp\/v2\/users\/1"}],"replies":[{"embeddable":true,"href":"https:\/\/allianceantitrafic.org\/vietnam\/wp-json\/wp\/v2\/comments?post=165"}],"version-history":[{"count":55,"href":"https:\/\/allianceantitrafic.org\/vietnam\/wp-json\/wp\/v2\/pages\/165\/revisions"}],"predecessor-version":[{"id":1349,"href":"https:\/\/allianceantitrafic.org\/vietnam\/wp-json\/wp\/v2\/pages\/165\/revisions\/1349"}],"wp:attachment":[{"href":"https:\/\/allianceantitrafic.org\/vietnam\/wp-json\/wp\/v2\/media?parent=165"}],"curies":[{"name":"wp","href":"https:\/\/api.w.org\/{rel}","templated":true}]}}