{"id":150,"date":"2021-11-10T08:30:51","date_gmt":"2021-11-10T08:30:51","guid":{"rendered":"https:\/\/allianceantitrafic.org\/vietnam\/?page_id=150"},"modified":"2026-01-16T03:29:17","modified_gmt":"2026-01-16T03:29:17","slug":"rescue-community-reintegration","status":"publish","type":"page","link":"https:\/\/allianceantitrafic.org\/vietnam\/rescue-community-reintegration\/","title":{"rendered":"Rescue &#038; Repatriation"},"content":{"rendered":"\t\t<div data-elementor-type=\"wp-page\" data-elementor-id=\"150\" class=\"elementor elementor-150\" data-elementor-post-type=\"page\">\n\t\t\t\t\t\t<section class=\"elementor-section elementor-top-section elementor-element elementor-element-353fac6b elementor-section-boxed elementor-section-height-default elementor-section-height-default\" data-id=\"353fac6b\" data-element_type=\"section\" data-e-type=\"section\" data-settings=\"{&quot;background_background&quot;:&quot;classic&quot;}\">\n\t\t\t\t\t\t<div class=\"elementor-container elementor-column-gap-default\">\n\t\t\t\t\t<div class=\"elementor-column elementor-col-100 elementor-top-column elementor-element elementor-element-509cc7c\" data-id=\"509cc7c\" data-element_type=\"column\" data-e-type=\"column\" data-settings=\"{&quot;background_background&quot;:&quot;classic&quot;}\">\n\t\t\t<div class=\"elementor-widget-wrap elementor-element-populated\">\n\t\t\t\t\t\t<div class=\"elementor-element elementor-element-50b23ffe elementor-widget elementor-widget-text-editor\" data-id=\"50b23ffe\" data-element_type=\"widget\" data-e-type=\"widget\" data-widget_type=\"text-editor.default\">\n\t\t\t\t\t\t\t\t\t<p style=\"text-align: center;\"><b>Why our work is becoming more difficult<\/b><\/p><p style=\"text-align: center;\">The dubious situation of human trafficking in southern Vietnam! (But not limited to)<br \/><i>The Vietnamese media regularly publish that the number of victims of trafficking increases each year.<br \/><\/i><b><i>Where are they?<\/i><\/b><\/p><p style=\"text-align: justify;\"><a href=\"http:\/\/allianceantitrafic.org\/aatvietnam\/wp-content\/uploads\/2014\/02\/Picture8.png\"><img fetchpriority=\"high\" decoding=\"async\" class=\"aligncenter size-full wp-image-1495\" src=\"http:\/\/allianceantitrafic.org\/aatvietnam\/wp-content\/uploads\/2014\/02\/Picture8.png\" alt=\"Picture8\" width=\"1372\" height=\"394\" \/><\/a><br \/>While Vietnam only recognized <strong>victims*<\/strong> of human trafficking\u00a0 (VoT) from 2003, AAT has worked since 2001 with over 5,500 Vietnamese victims of human trafficking repatriated mostly from Malaysia, but also from Thailand, Singapore, Laos, Europe, UK, Australia, Russia, Japan, Emirates, Taiwan, South Korea, China, Ghana, South Africa, Uganda and other countries.\u00a0\u00a0\u00a0<\/p><p style=\"text-align: justify;\">In 2014, the number of known victims repatriated\u00a0suddenly fell to zero in Southern Vietnam, while the Vietnamese media and the Malaysian Court of Justice recognize the number keeps increasing every year.<\/p><p style=\"text-align: justify;\">However, the international media mostly mentions Vietnamese victims of trafficking in China, providing limited and distorted information to the public.\u00a0 Why? How is this possible? What are the interests? International Policies? Global economy? Charity business opportunities or fashion phenomenon?<\/p><p style=\"text-align: justify;\">As an anti\u00a0\u00a0trafficking specialist (which we keep anonymous) said, <i>&#8220;the number of Victims of Human Trafficking (VoT) has become stupidly low, with no possible justification.&#8221; <\/i><\/p><p style=\"text-align: justify;\"><a href=\"http:\/\/allianceantitrafic.org\/aatvietnam\/wp-content\/uploads\/2014\/02\/Picture7.png\"><img decoding=\"async\" class=\"aligncenter size-full wp-image-1494\" src=\"http:\/\/allianceantitrafic.org\/aatvietnam\/wp-content\/uploads\/2014\/02\/Picture7.png\" alt=\"Picture7\" width=\"608\" height=\"339\" \/><\/a>Since 2014, AAT and some international partners have desperately been trying to alarm the police, the media, specialized foundations, the US TIP office, and several embassies in Vietnam and Malaysia about\u00a0:<br \/><strong>&#8211; the disappearance of nearly 250 Vietnamese girls while we were preparing their repatriation.<br \/>&#8211; the racket of the\u00a0victim&#8217;s families, who have to pay VND 20 million ($ 1,800) to bring their daughters back home.<\/strong>This problem seems to have stopped after AAT\u2019s constant denunciation to the Vietnamese Police<strong>.<br \/>&#8211; the systematic destruction of the victim-recognition certificate\u00a0provided by\u00a0<\/strong>foreign <strong>court of justice when girls return back home.<\/strong><br \/>We wonder if as a result of our denunciations of malfunction,\u00a0\u00a0AAT is no longer funded for its work to support\u00a0VoT while only two main NGOs helping VoT in Southern Vietnam: AAT, who works in virtually every province, and Pacific Link, with a project in the province of An Giang. In the north of the country, especially in the capital city of Hanoi, there are many more organization to support the VoT and they benefit from substantial funding. This also concerns the workshops organized on the cause while they receive very little visibility in the press read by the Vietnamese.<\/p><p style=\"text-align: justify;\"><strong>AAT keeps raising awareness about this issue, looking forward to pursuing our action for victims of trafficking.\u00a0<\/strong><\/p><p><em><strong>*<\/strong> AAT uses the term of &#8220;victim&#8221; corresponding to the status of individuals when AAT works with them. It is also the official term used by the police.<\/em><\/p><p><em><strong>-Click on a picture to open or to close it<\/strong><\/em><\/p><h2><span style=\"color: #800000;\">International Rescue &amp; Repatriation<\/span><\/h2><p>[nggallery id=19 template=caption]<\/p><h2><span style=\"color: #800000;\">International Investigation<\/span><\/h2><p>[nggallery id=9 template=caption]<\/p><h2><span style=\"color: #800000;\">Trafficked Inside Vietnam:<br \/><\/span><\/h2><p>(Mostly children of Dien Bien province rescued in factories at HCMC by the police c45b and with the AAT support) After a time in AAT center, AAT choose Blue Dragon Foundation among NGOs based in the north to follow children after their return home.<br \/>[nggallery id=20 template=caption]<\/p><p>2018: Vietnamese documentary about human trafficking AAT and Georges Blanchard. On Tuoi Tre (The Youths).Will be translated ASAP.<br \/>Nh\u1eefng chi\u1ebfn d\u1ecbch gi\u1ea3i c\u1ee9u v\u00e0 s\u1ef1 tr\u1edf v\u1ec1 \u0111\u1ea7y \u00e1m \u1ea3nh t\u1eeb n\u1ea1n bu\u00f4n b\u00e1n ng\u01b0\u1eddi.<br \/>[youtube 6HXFd2z-tJ4 500 300]<\/p><p><strong>Tieng Viet &#8211; English subtitles<\/strong><br \/>[youtube 2L4UTYpbUYA 500 300]<br \/>h\u1ecdc vi\u00ean c\u1ee7a trung t\u00e2m A.A.T. (Li\u00ean minh ph\u00f2ng ch\u1ed1ng bu\u00f4n b\u00e1n ng\u01b0\u1eddi) \u0111\u00e3 vi\u1ebft v\u00e0 bi\u1ec3u di\u1ec5n t\u00e1c ph\u1ea9m n\u00e0y.<br \/>Written and performed by residents of Alliance Anti Traffic Vietnam. They wished to share this document as prevention. This is a true story that many young Vietnamese girls are easily victims.<\/p>\t\t\t\t\t\t\t\t<\/div>\n\t\t\t\t\t<\/div>\n\t\t<\/div>\n\t\t\t\t\t<\/div>\n\t\t<\/section>\n\t\t\t\t<\/div>\n\t\t","protected":false},"excerpt":{"rendered":"<p>Why our work is becoming more difficult The dubious situation of human trafficking in southern Vietnam! (But not limited to)The Vietnamese media regularly publish that the number of victims of trafficking increases each year.Where are they? While Vietnam only recognized victims* of human trafficking\u00a0 (VoT) from 2003, AAT has worked since 2001 with over 5,500&hellip;&nbsp;<a href=\"https:\/\/allianceantitrafic.org\/vietnam\/rescue-community-reintegration\/\" rel=\"bookmark\">Read More &raquo;<span class=\"screen-reader-text\">Rescue &#038; Repatriation<\/span><\/a><\/p>\n","protected":false},"author":1,"featured_media":0,"parent":0,"menu_order":0,"comment_status":"closed","ping_status":"closed","template":"page-templates\/template-pagebuilder-full-width.php","meta":{"neve_meta_sidebar":"","neve_meta_container":"","neve_meta_enable_content_width":"","neve_meta_content_width":0,"neve_meta_title_alignment":"","neve_meta_author_avatar":"","neve_post_elements_order":"","neve_meta_disable_header":"","neve_meta_disable_footer":"","neve_meta_disable_title":"","footnotes":""},"class_list":["post-150","page","type-page","status-publish","hentry"],"aioseo_notices":[],"_links":{"self":[{"href":"https:\/\/allianceantitrafic.org\/vietnam\/wp-json\/wp\/v2\/pages\/150","targetHints":{"allow":["GET"]}}],"collection":[{"href":"https:\/\/allianceantitrafic.org\/vietnam\/wp-json\/wp\/v2\/pages"}],"about":[{"href":"https:\/\/allianceantitrafic.org\/vietnam\/wp-json\/wp\/v2\/types\/page"}],"author":[{"embeddable":true,"href":"https:\/\/allianceantitrafic.org\/vietnam\/wp-json\/wp\/v2\/users\/1"}],"replies":[{"embeddable":true,"href":"https:\/\/allianceantitrafic.org\/vietnam\/wp-json\/wp\/v2\/comments?post=150"}],"version-history":[{"count":11,"href":"https:\/\/allianceantitrafic.org\/vietnam\/wp-json\/wp\/v2\/pages\/150\/revisions"}],"predecessor-version":[{"id":1483,"href":"https:\/\/allianceantitrafic.org\/vietnam\/wp-json\/wp\/v2\/pages\/150\/revisions\/1483"}],"wp:attachment":[{"href":"https:\/\/allianceantitrafic.org\/vietnam\/wp-json\/wp\/v2\/media?parent=150"}],"curies":[{"name":"wp","href":"https:\/\/api.w.org\/{rel}","templated":true}]}}