{"id":88,"date":"2021-11-09T16:56:44","date_gmt":"2021-11-09T09:56:44","guid":{"rendered":"https:\/\/allianceantitrafic.org\/france\/?page_id=88"},"modified":"2021-11-09T17:01:50","modified_gmt":"2021-11-09T10:01:50","slug":"entreprise-sociale","status":"publish","type":"page","link":"https:\/\/allianceantitrafic.org\/france\/entreprise-sociale\/","title":{"rendered":"Entreprise Sociale"},"content":{"rendered":"\t\t<div data-elementor-type=\"wp-page\" data-elementor-id=\"88\" class=\"elementor elementor-88\" data-elementor-post-type=\"page\">\n\t\t\t\t\t\t<section class=\"elementor-section elementor-top-section elementor-element elementor-element-3e9194b2 elementor-section-boxed elementor-section-height-default elementor-section-height-default\" data-id=\"3e9194b2\" data-element_type=\"section\" data-e-type=\"section\">\n\t\t\t\t\t\t<div class=\"elementor-container elementor-column-gap-default\">\n\t\t\t\t\t<div class=\"elementor-column elementor-col-100 elementor-top-column elementor-element elementor-element-19adeb3b\" data-id=\"19adeb3b\" data-element_type=\"column\" data-e-type=\"column\" data-settings=\"{&quot;background_background&quot;:&quot;classic&quot;}\">\n\t\t\t<div class=\"elementor-widget-wrap elementor-element-populated\">\n\t\t\t\t\t\t<div class=\"elementor-element elementor-element-28e73b5 elementor-widget elementor-widget-text-editor\" data-id=\"28e73b5\" data-element_type=\"widget\" data-e-type=\"widget\" data-widget_type=\"text-editor.default\">\n\t\t\t\t\t\t\t\t\t<p><strong class=\"titre_menu\"><em>Initiative d&rsquo;entreprises sociales:<\/em><\/strong><\/p><p><br \/><span class=\"stylefont\">Liens vers les entreprises:<\/span><br \/><strong class=\"titre_menu\"><em><a href=\"http:\/\/www.fairfashionvn.org\">&#8211; Fair Fashion Usine de confection<\/a><\/em><\/strong><br \/><strong><a href=\"http:\/\/www.facebook.com\/madeinmekong\">&#8211; Made in Mekong<\/a><\/strong><\/p><p><strong class=\"titre_menu\"><em>Fair Fashion <span id=\"result_box\" class=\"short_text\" lang=\"fr\"><span class=\"\">Usine de confection<\/span><\/span>:<\/em><\/strong><br \/><img fetchpriority=\"high\" decoding=\"async\" class=\"alignright wp-image-45\" src=\"https:\/\/allianceantitrafic.org\/france\/wp-content\/uploads\/sites\/2\/2021\/11\/fashionvn-150x150-1.jpg\" alt=\"fashionvn\" width=\"235\" height=\"235\" \/><span id=\"result_box\" class=\"\" lang=\"fr\"><span title=\"AAT suppomachrted the opening of a garment factory (Fair Fashion) in Ho Chi Minh City in 2005. The goal was to create employment for reintegrated persons while developing a unique and sustainable social enterprise where employees and working conditions are of primary importance (Beneficiary-Centered\">En 2005, AAT a inaugur\u00e9 une usine de confection (Fair Fashion) \u00e0 Ho Chi Minh-Ville. L&rsquo;objectif \u00e9tait de cr\u00e9er des emplois pour les personnes r\u00e9int\u00e9gr\u00e9es tout en d\u00e9veloppant une entreprise sociale unique et durable o\u00f9 les employ\u00e9s et les conditions de travail sont primordiaux (Centr\u00e9 sur les b\u00e9n\u00e9ficiaires) <\/span><span title=\"Based Approach).\">. <\/span><span title=\"Fair Fashion has grown day after day, and currently the factory produces annually over 12.000 high quality pieces of clothing exported to various continents.\">Fair Fashion a grandi jour apr\u00e8s jour et l&rsquo;usine produit actuellement plus de 12 000 v\u00eatements de haute qualit\u00e9 export\u00e9s vers diff\u00e9rents continents. <\/span><span title=\"Presently, Fair Fashion supports not only former sexually exploited women, but also other women in difficult circumstances.\">Actuellement, Fair Fashion soutient\u00a0 les femmes en situation difficile. <\/span><span title=\"Furthermore, it cooperates with well-known fashion designers from Vietnam and abroad to strengthen its design, quality and international marketing.\">En outre, l&rsquo;entreprise coop\u00e8re avec des cr\u00e9ateurs de mode bien connus du Vietnam et de l\u2019\u00e9tranger pour renforcer sa conception, sa qualit\u00e9 et son marketing international. <\/span><span title=\"Fair Fashion plans to expand its activities and production capacity in the upcoming years even online.\">Fair Fashion pr\u00e9voit d&rsquo;\u00e9tendre ses activit\u00e9s et sa capacit\u00e9 de production dans les ann\u00e9es \u00e0 venir. <\/span><span title=\"FF as well provides sewing training to beneficiaries of the reintegration project.\">FF fournit \u00e9galement une formation en couture aux b\u00e9n\u00e9ficiaires du projet de r\u00e9int\u00e9gration. <\/span><span title=\"From 2011, Fair Fashion is a fully autonomous enterprise and abroad to strengthen its design, quality and international marketing.\">A partir de 2011, Fair Fashion est devenu une entreprise enti\u00e8rement autonome. <\/span><\/span><br \/><a href=\"http:\/\/www.fairfashionvn.org\">Site web de Fair Fashion <\/a><\/p><p><em><strong>Made in Mekong:<\/strong><\/em><\/p><p><span id=\"result_box\" class=\"\" lang=\"fr\"><span class=\"\">Made in Mekong est une entreprise sociale qui op\u00e8re \u00e0 la fois comme un caf\u00e9 et un \u00e9tablissement de vente au d\u00e9tail qui vend des produits artisanaux cr\u00e9atifs de six pays de la r\u00e9gion du M\u00e9kong.<\/span><\/span><\/p><p><span class=\"\">Initi\u00e9 par l&rsquo;Alliance Anti-Trafic (AAT), le revenu g\u00e9n\u00e9r\u00e9 par Made in Mekong est r\u00e9investi dans la communaut\u00e9 locale en cr\u00e9ant des carri\u00e8res, en stimulant la formation et l&rsquo;\u00e9ducation, et en cr\u00e9ant des r\u00e9seaux de femmes et de jeunes autonomes.<\/span> <span class=\"\">Le caf\u00e9 est situ\u00e9 dans la zone touristique de la capitale Vientiane.<\/span> Si vous visitez le Laos, passez nous voir.<br \/>Plus d&rsquo;informations, s&rsquo;il vous pla\u00eet visitez la page Facebook Made in Mekong:<\/p><p><a href=\"http:\/\/www.facebook.com\/madeinmekong\" target=\"_blank\" rel=\"noopener\">www.facebook.com\/madeinmekong<\/a><\/p><p class=\"titre_menu\"><img decoding=\"async\" class=\"alignleft wp-image-121 \" src=\"https:\/\/allianceantitrafic.org\/france\/wp-content\/uploads\/sites\/2\/2021\/11\/madeinmekong.jpg\" alt=\"madeinmekong\" width=\"340\" height=\"340\" \/><\/p>\t\t\t\t\t\t\t\t<\/div>\n\t\t\t\t\t<\/div>\n\t\t<\/div>\n\t\t\t\t\t<\/div>\n\t\t<\/section>\n\t\t\t\t<\/div>\n\t\t","protected":false},"excerpt":{"rendered":"<p>Initiative d&rsquo;entreprises sociales: Liens vers les entreprises:&#8211; Fair Fashion Usine de confection&#8211; Made in Mekong Fair Fashion Usine de confection:En 2005, AAT a inaugur\u00e9 une usine de confection (Fair Fashion) \u00e0 Ho Chi Minh-Ville. L&rsquo;objectif \u00e9tait de cr\u00e9er des emplois pour les personnes r\u00e9int\u00e9gr\u00e9es tout en d\u00e9veloppant une entreprise sociale unique et durable o\u00f9 les&hellip;&nbsp;<a href=\"https:\/\/allianceantitrafic.org\/france\/entreprise-sociale\/\" rel=\"bookmark\">Lire la suite &raquo;<span class=\"screen-reader-text\">Entreprise Sociale<\/span><\/a><\/p>\n","protected":false},"author":1,"featured_media":0,"parent":0,"menu_order":0,"comment_status":"closed","ping_status":"closed","template":"page-templates\/template-pagebuilder-full-width.php","meta":{"neve_meta_sidebar":"","neve_meta_container":"","neve_meta_enable_content_width":"","neve_meta_content_width":0,"neve_meta_title_alignment":"","neve_meta_author_avatar":"","neve_post_elements_order":"","neve_meta_disable_header":"","neve_meta_disable_footer":"","neve_meta_disable_title":"","footnotes":""},"class_list":["post-88","page","type-page","status-publish","hentry"],"aioseo_notices":[],"_links":{"self":[{"href":"https:\/\/allianceantitrafic.org\/france\/wp-json\/wp\/v2\/pages\/88","targetHints":{"allow":["GET"]}}],"collection":[{"href":"https:\/\/allianceantitrafic.org\/france\/wp-json\/wp\/v2\/pages"}],"about":[{"href":"https:\/\/allianceantitrafic.org\/france\/wp-json\/wp\/v2\/types\/page"}],"author":[{"embeddable":true,"href":"https:\/\/allianceantitrafic.org\/france\/wp-json\/wp\/v2\/users\/1"}],"replies":[{"embeddable":true,"href":"https:\/\/allianceantitrafic.org\/france\/wp-json\/wp\/v2\/comments?post=88"}],"version-history":[{"count":7,"href":"https:\/\/allianceantitrafic.org\/france\/wp-json\/wp\/v2\/pages\/88\/revisions"}],"predecessor-version":[{"id":97,"href":"https:\/\/allianceantitrafic.org\/france\/wp-json\/wp\/v2\/pages\/88\/revisions\/97"}],"wp:attachment":[{"href":"https:\/\/allianceantitrafic.org\/france\/wp-json\/wp\/v2\/media?parent=88"}],"curies":[{"name":"wp","href":"https:\/\/api.w.org\/{rel}","templated":true}]}}